{"id":443,"date":"2025-11-04T11:50:15","date_gmt":"2025-11-04T10:50:15","guid":{"rendered":"https:\/\/greyheads.cat\/sobre-nosotros\/"},"modified":"2025-11-05T13:01:23","modified_gmt":"2025-11-05T12:01:23","slug":"sobre-nosotros","status":"publish","type":"page","link":"https:\/\/greyheads.cat\/es\/sobre-nosotros\/","title":{"rendered":"Sobre nosotros"},"content":{"rendered":"\t\t<div data-elementor-type=\"wp-page\" data-elementor-id=\"443\" class=\"elementor elementor-443 elementor-134\" data-elementor-post-type=\"page\">\n\t\t\t\t<div class=\"elementor-element elementor-element-a965618 e-con-full e-flex e-con e-parent\" data-id=\"a965618\" data-element_type=\"container\" data-settings=\"{&quot;background_background&quot;:&quot;classic&quot;}\">\n\t\t<div class=\"elementor-element elementor-element-d3b703e e-con-full e-flex e-con e-child\" data-id=\"d3b703e\" data-element_type=\"container\">\n\t\t\t\t<div class=\"elementor-element elementor-element-3a3de08 elementor-widget elementor-widget-text-editor\" data-id=\"3a3de08\" data-element_type=\"widget\" data-widget_type=\"text-editor.default\">\n\t\t\t\t\t\t\t\t\t<p>M\u00e9todo<\/p>\t\t\t\t\t\t\t\t<\/div>\n\t\t\t\t<div class=\"elementor-element elementor-element-556e197 elementor-widget__width-initial elementor-widget elementor-widget-heading\" data-id=\"556e197\" data-element_type=\"widget\" data-widget_type=\"heading.default\">\n\t\t\t\t\t<h1 class=\"elementor-heading-title elementor-size-default\">Estamos a tu lado a lo largo de todo el proceso<\/h1>\t\t\t\t<\/div>\n\t\t\t\t<\/div>\n\t\t\t\t<\/div>\n\t\t<div class=\"elementor-element elementor-element-57c09df e-con-full e-flex e-con e-parent\" data-id=\"57c09df\" data-element_type=\"container\">\n\t\t<div class=\"elementor-element elementor-element-65f1430 e-con-full e-flex e-con e-child\" data-id=\"65f1430\" data-element_type=\"container\">\n\t\t\t\t<div class=\"elementor-element elementor-element-5e047ef elementor-widget__width-initial elementor-widget elementor-widget-text-editor\" data-id=\"5e047ef\" data-element_type=\"widget\" data-widget_type=\"text-editor.default\">\n\t\t\t\t\t\t\t\t\t<p>En Greyheads trabajamos con un m\u00e9todo claro, estructurado y seguro que garantiza resultados s\u00f3lidos y adaptados a cada organizaci\u00f3n. Nuestro proceso combina rigor t\u00e9cnico, proximidad con el cliente y una visi\u00f3n estrat\u00e9gica de la tecnolog\u00eda. Trabajamos codo con codo con las empresas para entender sus necesidades, definir objetivos y construir soluciones tecnol\u00f3gicas que aporten valor real y sostenible en el tiempo.  <\/p>\t\t\t\t\t\t\t\t<\/div>\n\t\t\t\t<div class=\"elementor-element elementor-element-e8bfada elementor-widget elementor-widget-button\" data-id=\"e8bfada\" data-element_type=\"widget\" data-widget_type=\"button.default\">\n\t\t\t\t\t\t\t\t\t\t<a class=\"elementor-button elementor-button-link elementor-size-sm\" href=\"https:\/\/greyheads.cat\/es\/contacto\/\">\n\t\t\t\t\t\t<span class=\"elementor-button-content-wrapper\">\n\t\t\t\t\t\t\t\t\t<span class=\"elementor-button-text\">Solicite su presupuesto<\/span>\n\t\t\t\t\t<\/span>\n\t\t\t\t\t<\/a>\n\t\t\t\t\t\t\t\t<\/div>\n\t\t\t\t<\/div>\n\t\t\t\t<\/div>\n\t\t<div class=\"elementor-element elementor-element-4ae5383 e-con-full e-flex e-con e-parent\" data-id=\"4ae5383\" data-element_type=\"container\" data-settings=\"{&quot;background_background&quot;:&quot;classic&quot;}\">\n\t\t<div class=\"elementor-element elementor-element-2fd5fb1 e-con-full e-flex e-con e-child\" data-id=\"2fd5fb1\" data-element_type=\"container\">\n\t\t<div class=\"elementor-element elementor-element-16a6b4b e-con-full e-flex e-con e-child\" data-id=\"16a6b4b\" data-element_type=\"container\">\n\t\t\t\t<div class=\"elementor-element elementor-element-90d6f8f elementor-widget__width-initial elementor-widget elementor-widget-heading\" data-id=\"90d6f8f\" data-element_type=\"widget\" data-widget_type=\"heading.default\">\n\t\t\t\t\t<h2 class=\"elementor-heading-title elementor-size-default\">An\u00e1lisis inicial<\/h2>\t\t\t\t<\/div>\n\t\t\t\t<div class=\"elementor-element elementor-element-55ad680 elementor-widget__width-initial elementor-widget elementor-widget-text-editor\" data-id=\"55ad680\" data-element_type=\"widget\" data-widget_type=\"text-editor.default\">\n\t\t\t\t\t\t\t\t\t<p>Comenzamos con una evaluaci\u00f3n exhaustiva de la situaci\u00f3n actual: infraestructuras, procedimientos, riesgos y objetivos del negocio. Esta fase nos permite identificar vulnerabilidades y oportunidades de mejora, estableciendo una base s\u00f3lida para la toma de decisiones. <\/p>\t\t\t\t\t\t\t\t<\/div>\n\t\t\t\t<\/div>\n\t\t<div class=\"elementor-element elementor-element-31e0ea1 e-con-full e-flex e-con e-child\" data-id=\"31e0ea1\" data-element_type=\"container\">\n\t\t\t\t<div class=\"elementor-element elementor-element-4793310 e-transform elementor-hidden-mobile elementor-widget-divider--view-line elementor-widget elementor-widget-divider\" data-id=\"4793310\" data-element_type=\"widget\" data-settings=\"{&quot;_transform_translateX_effect&quot;:{&quot;unit&quot;:&quot;%&quot;,&quot;size&quot;:-7,&quot;sizes&quot;:[]},&quot;_transform_translateX_effect_tablet&quot;:{&quot;unit&quot;:&quot;%&quot;,&quot;size&quot;:&quot;&quot;,&quot;sizes&quot;:[]},&quot;_transform_translateX_effect_mobile&quot;:{&quot;unit&quot;:&quot;%&quot;,&quot;size&quot;:&quot;&quot;,&quot;sizes&quot;:[]},&quot;_transform_translateY_effect&quot;:{&quot;unit&quot;:&quot;px&quot;,&quot;size&quot;:&quot;&quot;,&quot;sizes&quot;:[]},&quot;_transform_translateY_effect_tablet&quot;:{&quot;unit&quot;:&quot;px&quot;,&quot;size&quot;:&quot;&quot;,&quot;sizes&quot;:[]},&quot;_transform_translateY_effect_mobile&quot;:{&quot;unit&quot;:&quot;px&quot;,&quot;size&quot;:&quot;&quot;,&quot;sizes&quot;:[]}}\" data-widget_type=\"divider.default\">\n\t\t\t\t\t\t\t<div class=\"elementor-divider\">\n\t\t\t<span class=\"elementor-divider-separator\">\n\t\t\t\t\t\t<\/span>\n\t\t<\/div>\n\t\t\t\t\t\t<\/div>\n\t\t\t\t<\/div>\n\t\t\t\t<\/div>\n\t\t<div class=\"elementor-element elementor-element-add514d e-con-full e-flex e-con e-child\" data-id=\"add514d\" data-element_type=\"container\">\n\t\t<div class=\"elementor-element elementor-element-4443e49 e-con-full e-flex e-con e-child\" data-id=\"4443e49\" data-element_type=\"container\">\n\t\t\t\t<div class=\"elementor-element elementor-element-09752c0 e-transform elementor-hidden-mobile elementor-widget-divider--view-line elementor-widget elementor-widget-divider\" data-id=\"09752c0\" data-element_type=\"widget\" data-settings=\"{&quot;_transform_translateX_effect&quot;:{&quot;unit&quot;:&quot;%&quot;,&quot;size&quot;:7,&quot;sizes&quot;:[]},&quot;_transform_translateX_effect_tablet&quot;:{&quot;unit&quot;:&quot;%&quot;,&quot;size&quot;:&quot;&quot;,&quot;sizes&quot;:[]},&quot;_transform_translateX_effect_mobile&quot;:{&quot;unit&quot;:&quot;%&quot;,&quot;size&quot;:&quot;&quot;,&quot;sizes&quot;:[]},&quot;_transform_translateY_effect&quot;:{&quot;unit&quot;:&quot;px&quot;,&quot;size&quot;:&quot;&quot;,&quot;sizes&quot;:[]},&quot;_transform_translateY_effect_tablet&quot;:{&quot;unit&quot;:&quot;px&quot;,&quot;size&quot;:&quot;&quot;,&quot;sizes&quot;:[]},&quot;_transform_translateY_effect_mobile&quot;:{&quot;unit&quot;:&quot;px&quot;,&quot;size&quot;:&quot;&quot;,&quot;sizes&quot;:[]}}\" data-widget_type=\"divider.default\">\n\t\t\t\t\t\t\t<div class=\"elementor-divider\">\n\t\t\t<span class=\"elementor-divider-separator\">\n\t\t\t\t\t\t<\/span>\n\t\t<\/div>\n\t\t\t\t\t\t<\/div>\n\t\t\t\t<\/div>\n\t\t<div class=\"elementor-element elementor-element-606f676 e-con-full e-flex e-con e-child\" data-id=\"606f676\" data-element_type=\"container\">\n\t\t\t\t<div class=\"elementor-element elementor-element-90017ab elementor-widget__width-initial elementor-widget elementor-widget-heading\" data-id=\"90017ab\" data-element_type=\"widget\" data-widget_type=\"heading.default\">\n\t\t\t\t\t<h2 class=\"elementor-heading-title elementor-size-default\">Dise\u00f1o de soluciones<\/h2>\t\t\t\t<\/div>\n\t\t\t\t<div class=\"elementor-element elementor-element-9f637ad elementor-widget__width-initial elementor-widget elementor-widget-text-editor\" data-id=\"9f637ad\" data-element_type=\"widget\" data-widget_type=\"text-editor.default\">\n\t\t\t\t\t\t\t\t\t<p>A partir de las conclusiones del an\u00e1lisis, nuestro equipo dise\u00f1a estrategias y arquitecturas tecnol\u00f3gicas a medida. Cada propuesta se adapta al contexto, recursos y necesidades de la empresa, con una visi\u00f3n de escalabilidad y seguridad desde el primer momento. <\/p>\t\t\t\t\t\t\t\t<\/div>\n\t\t\t\t<\/div>\n\t\t\t\t<\/div>\n\t\t<div class=\"elementor-element elementor-element-9b4c5ed e-con-full e-flex e-con e-child\" data-id=\"9b4c5ed\" data-element_type=\"container\">\n\t\t<div class=\"elementor-element elementor-element-a46e4e3 e-con-full e-flex e-con e-child\" data-id=\"a46e4e3\" data-element_type=\"container\">\n\t\t\t\t<div class=\"elementor-element elementor-element-887f7b6 elementor-widget__width-initial elementor-widget elementor-widget-heading\" data-id=\"887f7b6\" data-element_type=\"widget\" data-widget_type=\"heading.default\">\n\t\t\t\t\t<h2 class=\"elementor-heading-title elementor-size-default\">Implementaci\u00f3n t\u00e9cnica<\/h2>\t\t\t\t<\/div>\n\t\t\t\t<div class=\"elementor-element elementor-element-57b372f elementor-widget__width-initial elementor-widget elementor-widget-text-editor\" data-id=\"57b372f\" data-element_type=\"widget\" data-widget_type=\"text-editor.default\">\n\t\t\t\t\t\t\t\t\t<p>Nos encargamos de la configuraci\u00f3n, despliegue y aseguramiento de los entornos tecnol\u00f3gicos, aplicando las mejores pr\u00e1cticas del sector. Trabajamos con herramientas y metodolog\u00edas actuales que garantizan la fiabilidad y la eficiencia de cada sistema. <\/p>\t\t\t\t\t\t\t\t<\/div>\n\t\t\t\t<\/div>\n\t\t<div class=\"elementor-element elementor-element-5bca770 e-con-full e-flex e-con e-child\" data-id=\"5bca770\" data-element_type=\"container\">\n\t\t\t\t<div class=\"elementor-element elementor-element-46f6066 e-transform elementor-hidden-mobile elementor-widget-divider--view-line elementor-widget elementor-widget-divider\" data-id=\"46f6066\" data-element_type=\"widget\" data-settings=\"{&quot;_transform_translateX_effect&quot;:{&quot;unit&quot;:&quot;%&quot;,&quot;size&quot;:-7,&quot;sizes&quot;:[]},&quot;_transform_translateX_effect_tablet&quot;:{&quot;unit&quot;:&quot;%&quot;,&quot;size&quot;:&quot;&quot;,&quot;sizes&quot;:[]},&quot;_transform_translateX_effect_mobile&quot;:{&quot;unit&quot;:&quot;%&quot;,&quot;size&quot;:&quot;&quot;,&quot;sizes&quot;:[]},&quot;_transform_translateY_effect&quot;:{&quot;unit&quot;:&quot;px&quot;,&quot;size&quot;:&quot;&quot;,&quot;sizes&quot;:[]},&quot;_transform_translateY_effect_tablet&quot;:{&quot;unit&quot;:&quot;px&quot;,&quot;size&quot;:&quot;&quot;,&quot;sizes&quot;:[]},&quot;_transform_translateY_effect_mobile&quot;:{&quot;unit&quot;:&quot;px&quot;,&quot;size&quot;:&quot;&quot;,&quot;sizes&quot;:[]}}\" data-widget_type=\"divider.default\">\n\t\t\t\t\t\t\t<div class=\"elementor-divider\">\n\t\t\t<span class=\"elementor-divider-separator\">\n\t\t\t\t\t\t<\/span>\n\t\t<\/div>\n\t\t\t\t\t\t<\/div>\n\t\t\t\t<\/div>\n\t\t\t\t<\/div>\n\t\t<div class=\"elementor-element elementor-element-604a9d8 e-con-full e-flex e-con e-child\" data-id=\"604a9d8\" data-element_type=\"container\">\n\t\t<div class=\"elementor-element elementor-element-bc1c70b e-con-full e-flex e-con e-child\" data-id=\"bc1c70b\" data-element_type=\"container\">\n\t\t\t\t<div class=\"elementor-element elementor-element-daba5f2 e-transform elementor-hidden-mobile elementor-widget-divider--view-line elementor-widget elementor-widget-divider\" data-id=\"daba5f2\" data-element_type=\"widget\" data-settings=\"{&quot;_transform_translateX_effect&quot;:{&quot;unit&quot;:&quot;%&quot;,&quot;size&quot;:7,&quot;sizes&quot;:[]},&quot;_transform_translateX_effect_tablet&quot;:{&quot;unit&quot;:&quot;%&quot;,&quot;size&quot;:&quot;&quot;,&quot;sizes&quot;:[]},&quot;_transform_translateX_effect_mobile&quot;:{&quot;unit&quot;:&quot;%&quot;,&quot;size&quot;:&quot;&quot;,&quot;sizes&quot;:[]},&quot;_transform_translateY_effect&quot;:{&quot;unit&quot;:&quot;px&quot;,&quot;size&quot;:&quot;&quot;,&quot;sizes&quot;:[]},&quot;_transform_translateY_effect_tablet&quot;:{&quot;unit&quot;:&quot;px&quot;,&quot;size&quot;:&quot;&quot;,&quot;sizes&quot;:[]},&quot;_transform_translateY_effect_mobile&quot;:{&quot;unit&quot;:&quot;px&quot;,&quot;size&quot;:&quot;&quot;,&quot;sizes&quot;:[]}}\" data-widget_type=\"divider.default\">\n\t\t\t\t\t\t\t<div class=\"elementor-divider\">\n\t\t\t<span class=\"elementor-divider-separator\">\n\t\t\t\t\t\t<\/span>\n\t\t<\/div>\n\t\t\t\t\t\t<\/div>\n\t\t\t\t<\/div>\n\t\t<div class=\"elementor-element elementor-element-4b7bd7f e-con-full e-flex e-con e-child\" data-id=\"4b7bd7f\" data-element_type=\"container\">\n\t\t\t\t<div class=\"elementor-element elementor-element-3c0bc02 elementor-widget__width-initial elementor-widget elementor-widget-heading\" data-id=\"3c0bc02\" data-element_type=\"widget\" data-widget_type=\"heading.default\">\n\t\t\t\t\t<h2 class=\"elementor-heading-title elementor-size-default\">Formaci\u00f3n y concienciaci\u00f3n<\/h2>\t\t\t\t<\/div>\n\t\t\t\t<div class=\"elementor-element elementor-element-dbaca35 elementor-widget__width-initial elementor-widget elementor-widget-text-editor\" data-id=\"dbaca35\" data-element_type=\"widget\" data-widget_type=\"text-editor.default\">\n\t\t\t\t\t\t\t\t\t<p>Creemos que la tecnolog\u00eda solo es efectiva cuando las personas hacen un buen uso de ella. Por eso ofrecemos sesiones de formaci\u00f3n y programas de concienciaci\u00f3n que ayudan a los equipos a comprender los riesgos y actuar de manera segura en su d\u00eda a d\u00eda. <\/p>\t\t\t\t\t\t\t\t<\/div>\n\t\t\t\t<\/div>\n\t\t\t\t<\/div>\n\t\t<div class=\"elementor-element elementor-element-ba3ae40 e-con-full e-flex e-con e-child\" data-id=\"ba3ae40\" data-element_type=\"container\">\n\t\t<div class=\"elementor-element elementor-element-0fdf03c e-con-full e-flex e-con e-child\" data-id=\"0fdf03c\" data-element_type=\"container\">\n\t\t\t\t<div class=\"elementor-element elementor-element-fb95149 elementor-widget__width-initial elementor-widget elementor-widget-heading\" data-id=\"fb95149\" data-element_type=\"widget\" data-widget_type=\"heading.default\">\n\t\t\t\t\t<h2 class=\"elementor-heading-title elementor-size-default\">Seguimiento continuo<\/h2>\t\t\t\t<\/div>\n\t\t\t\t<div class=\"elementor-element elementor-element-9f8742d elementor-widget__width-initial elementor-widget elementor-widget-text-editor\" data-id=\"9f8742d\" data-element_type=\"widget\" data-widget_type=\"text-editor.default\">\n\t\t\t\t\t\t\t\t\t<p>Nuestro compromiso no termina con el despliegue. Ofrecemos un servicio de monitorizaci\u00f3n y mejora continua, asegurando que las soluciones se mantengan actualizadas, seguras y alineadas con los objetivos de la organizaci\u00f3n. <\/p>\t\t\t\t\t\t\t\t<\/div>\n\t\t\t\t<\/div>\n\t\t<div class=\"elementor-element elementor-element-d7e2136 e-con-full e-flex e-con e-child\" data-id=\"d7e2136\" data-element_type=\"container\">\n\t\t\t\t<div class=\"elementor-element elementor-element-e99dc1a e-transform elementor-hidden-mobile elementor-widget-divider--view-line elementor-widget elementor-widget-divider\" data-id=\"e99dc1a\" data-element_type=\"widget\" data-settings=\"{&quot;_transform_translateX_effect&quot;:{&quot;unit&quot;:&quot;%&quot;,&quot;size&quot;:-7,&quot;sizes&quot;:[]},&quot;_transform_translateX_effect_tablet&quot;:{&quot;unit&quot;:&quot;%&quot;,&quot;size&quot;:&quot;&quot;,&quot;sizes&quot;:[]},&quot;_transform_translateX_effect_mobile&quot;:{&quot;unit&quot;:&quot;%&quot;,&quot;size&quot;:&quot;&quot;,&quot;sizes&quot;:[]},&quot;_transform_translateY_effect&quot;:{&quot;unit&quot;:&quot;px&quot;,&quot;size&quot;:&quot;&quot;,&quot;sizes&quot;:[]},&quot;_transform_translateY_effect_tablet&quot;:{&quot;unit&quot;:&quot;px&quot;,&quot;size&quot;:&quot;&quot;,&quot;sizes&quot;:[]},&quot;_transform_translateY_effect_mobile&quot;:{&quot;unit&quot;:&quot;px&quot;,&quot;size&quot;:&quot;&quot;,&quot;sizes&quot;:[]}}\" data-widget_type=\"divider.default\">\n\t\t\t\t\t\t\t<div class=\"elementor-divider\">\n\t\t\t<span class=\"elementor-divider-separator\">\n\t\t\t\t\t\t<\/span>\n\t\t<\/div>\n\t\t\t\t\t\t<\/div>\n\t\t\t\t<\/div>\n\t\t\t\t<\/div>\n\t\t\t\t<\/div>\n\t\t\t\t<\/div>\n\t\t","protected":false},"excerpt":{"rendered":"<p>M\u00e9todo Estamos a tu lado a lo largo de todo el proceso En Greyheads trabajamos con un m\u00e9todo claro, estructurado y seguro que garantiza resultados s\u00f3lidos y adaptados a cada organizaci\u00f3n. Nuestro proceso combina rigor t\u00e9cnico, proximidad con el cliente y una visi\u00f3n estrat\u00e9gica de la tecnolog\u00eda. Trabajamos codo con codo con las empresas para [&hellip;]<\/p>\n","protected":false},"author":1,"featured_media":0,"parent":0,"menu_order":0,"comment_status":"closed","ping_status":"closed","template":"","meta":{"footnotes":""},"class_list":["post-443","page","type-page","status-publish","hentry"],"yoast_head":"<!-- This site is optimized with the Yoast SEO plugin v26.3 - https:\/\/yoast.com\/wordpress\/plugins\/seo\/ -->\n<title>Sobre nosotros - Greyheads<\/title>\n<meta name=\"robots\" content=\"index, follow, max-snippet:-1, max-image-preview:large, max-video-preview:-1\" \/>\n<link rel=\"canonical\" href=\"https:\/\/greyheads.cat\/es\/sobre-nosotros\/\" \/>\n<meta property=\"og:locale\" content=\"es_ES\" \/>\n<meta property=\"og:type\" content=\"article\" \/>\n<meta property=\"og:title\" content=\"Sobre nosotros - Greyheads\" \/>\n<meta property=\"og:description\" content=\"M\u00e9todo Estamos a tu lado a lo largo de todo el proceso En Greyheads trabajamos con un m\u00e9todo claro, estructurado y seguro que garantiza resultados s\u00f3lidos y adaptados a cada organizaci\u00f3n. Nuestro proceso combina rigor t\u00e9cnico, proximidad con el cliente y una visi\u00f3n estrat\u00e9gica de la tecnolog\u00eda. Trabajamos codo con codo con las empresas para [&hellip;]\" \/>\n<meta property=\"og:url\" content=\"https:\/\/greyheads.cat\/es\/sobre-nosotros\/\" \/>\n<meta property=\"og:site_name\" content=\"Greyheads\" \/>\n<meta property=\"article:modified_time\" content=\"2025-11-05T12:01:23+00:00\" \/>\n<meta name=\"twitter:card\" content=\"summary_large_image\" \/>\n<meta name=\"twitter:label1\" content=\"Tiempo de lectura\" \/>\n\t<meta name=\"twitter:data1\" content=\"2 minutos\" \/>\n<script type=\"application\/ld+json\" class=\"yoast-schema-graph\">{\"@context\":\"https:\/\/schema.org\",\"@graph\":[{\"@type\":\"WebPage\",\"@id\":\"https:\/\/greyheads.cat\/es\/sobre-nosotros\/\",\"url\":\"https:\/\/greyheads.cat\/es\/sobre-nosotros\/\",\"name\":\"Sobre nosotros - Greyheads\",\"isPartOf\":{\"@id\":\"https:\/\/greyheads.cat\/es\/#website\"},\"datePublished\":\"2025-11-04T10:50:15+00:00\",\"dateModified\":\"2025-11-05T12:01:23+00:00\",\"breadcrumb\":{\"@id\":\"https:\/\/greyheads.cat\/es\/sobre-nosotros\/#breadcrumb\"},\"inLanguage\":\"es\",\"potentialAction\":[{\"@type\":\"ReadAction\",\"target\":[\"https:\/\/greyheads.cat\/es\/sobre-nosotros\/\"]}]},{\"@type\":\"BreadcrumbList\",\"@id\":\"https:\/\/greyheads.cat\/es\/sobre-nosotros\/#breadcrumb\",\"itemListElement\":[{\"@type\":\"ListItem\",\"position\":1,\"name\":\"Inici\",\"item\":\"https:\/\/greyheads.cat\/es\/inicio\/\"},{\"@type\":\"ListItem\",\"position\":2,\"name\":\"Sobre nosotros\"}]},{\"@type\":\"WebSite\",\"@id\":\"https:\/\/greyheads.cat\/es\/#website\",\"url\":\"https:\/\/greyheads.cat\/es\/\",\"name\":\"Greyheads\",\"description\":\"Consultoria basada en la seguretat inform\u00e0tica.\",\"potentialAction\":[{\"@type\":\"SearchAction\",\"target\":{\"@type\":\"EntryPoint\",\"urlTemplate\":\"https:\/\/greyheads.cat\/es\/?s={search_term_string}\"},\"query-input\":{\"@type\":\"PropertyValueSpecification\",\"valueRequired\":true,\"valueName\":\"search_term_string\"}}],\"inLanguage\":\"es\"}]}<\/script>\n<!-- \/ Yoast SEO plugin. -->","yoast_head_json":{"title":"Sobre nosotros - Greyheads","robots":{"index":"index","follow":"follow","max-snippet":"max-snippet:-1","max-image-preview":"max-image-preview:large","max-video-preview":"max-video-preview:-1"},"canonical":"https:\/\/greyheads.cat\/es\/sobre-nosotros\/","og_locale":"es_ES","og_type":"article","og_title":"Sobre nosotros - Greyheads","og_description":"M\u00e9todo Estamos a tu lado a lo largo de todo el proceso En Greyheads trabajamos con un m\u00e9todo claro, estructurado y seguro que garantiza resultados s\u00f3lidos y adaptados a cada organizaci\u00f3n. Nuestro proceso combina rigor t\u00e9cnico, proximidad con el cliente y una visi\u00f3n estrat\u00e9gica de la tecnolog\u00eda. Trabajamos codo con codo con las empresas para [&hellip;]","og_url":"https:\/\/greyheads.cat\/es\/sobre-nosotros\/","og_site_name":"Greyheads","article_modified_time":"2025-11-05T12:01:23+00:00","twitter_card":"summary_large_image","twitter_misc":{"Tiempo de lectura":"2 minutos"},"schema":{"@context":"https:\/\/schema.org","@graph":[{"@type":"WebPage","@id":"https:\/\/greyheads.cat\/es\/sobre-nosotros\/","url":"https:\/\/greyheads.cat\/es\/sobre-nosotros\/","name":"Sobre nosotros - Greyheads","isPartOf":{"@id":"https:\/\/greyheads.cat\/es\/#website"},"datePublished":"2025-11-04T10:50:15+00:00","dateModified":"2025-11-05T12:01:23+00:00","breadcrumb":{"@id":"https:\/\/greyheads.cat\/es\/sobre-nosotros\/#breadcrumb"},"inLanguage":"es","potentialAction":[{"@type":"ReadAction","target":["https:\/\/greyheads.cat\/es\/sobre-nosotros\/"]}]},{"@type":"BreadcrumbList","@id":"https:\/\/greyheads.cat\/es\/sobre-nosotros\/#breadcrumb","itemListElement":[{"@type":"ListItem","position":1,"name":"Inici","item":"https:\/\/greyheads.cat\/es\/inicio\/"},{"@type":"ListItem","position":2,"name":"Sobre nosotros"}]},{"@type":"WebSite","@id":"https:\/\/greyheads.cat\/es\/#website","url":"https:\/\/greyheads.cat\/es\/","name":"Greyheads","description":"Consultoria basada en la seguretat inform\u00e0tica.","potentialAction":[{"@type":"SearchAction","target":{"@type":"EntryPoint","urlTemplate":"https:\/\/greyheads.cat\/es\/?s={search_term_string}"},"query-input":{"@type":"PropertyValueSpecification","valueRequired":true,"valueName":"search_term_string"}}],"inLanguage":"es"}]}},"_links":{"self":[{"href":"https:\/\/greyheads.cat\/es\/wp-json\/wp\/v2\/pages\/443","targetHints":{"allow":["GET"]}}],"collection":[{"href":"https:\/\/greyheads.cat\/es\/wp-json\/wp\/v2\/pages"}],"about":[{"href":"https:\/\/greyheads.cat\/es\/wp-json\/wp\/v2\/types\/page"}],"author":[{"embeddable":true,"href":"https:\/\/greyheads.cat\/es\/wp-json\/wp\/v2\/users\/1"}],"replies":[{"embeddable":true,"href":"https:\/\/greyheads.cat\/es\/wp-json\/wp\/v2\/comments?post=443"}],"version-history":[{"count":4,"href":"https:\/\/greyheads.cat\/es\/wp-json\/wp\/v2\/pages\/443\/revisions"}],"predecessor-version":[{"id":500,"href":"https:\/\/greyheads.cat\/es\/wp-json\/wp\/v2\/pages\/443\/revisions\/500"}],"wp:attachment":[{"href":"https:\/\/greyheads.cat\/es\/wp-json\/wp\/v2\/media?parent=443"}],"curies":[{"name":"wp","href":"https:\/\/api.w.org\/{rel}","templated":true}]}}