{"id":447,"date":"2025-11-04T11:50:47","date_gmt":"2025-11-04T10:50:47","guid":{"rendered":"https:\/\/greyheads.cat\/contacto\/"},"modified":"2025-11-18T08:49:26","modified_gmt":"2025-11-18T07:49:26","slug":"contacto","status":"publish","type":"page","link":"https:\/\/greyheads.cat\/es\/contacto\/","title":{"rendered":"Contacto"},"content":{"rendered":"\t\t<div data-elementor-type=\"wp-page\" data-elementor-id=\"447\" class=\"elementor elementor-447 elementor-138\" data-elementor-post-type=\"page\">\n\t\t\t\t<div class=\"elementor-element elementor-element-58537b8 e-con-full e-flex e-con e-parent\" data-id=\"58537b8\" data-element_type=\"container\" data-settings=\"{&quot;background_background&quot;:&quot;classic&quot;}\">\n\t\t<div class=\"elementor-element elementor-element-fe124bf e-con-full e-flex e-con e-child\" data-id=\"fe124bf\" data-element_type=\"container\">\n\t\t\t\t<div class=\"elementor-element elementor-element-2b20ab1 elementor-widget elementor-widget-text-editor\" data-id=\"2b20ab1\" data-element_type=\"widget\" data-widget_type=\"text-editor.default\">\n\t\t\t\t\t\t\t\t\t<p>Contacto<\/p>\t\t\t\t\t\t\t\t<\/div>\n\t\t\t\t<div class=\"elementor-element elementor-element-5223af0 elementor-widget__width-initial elementor-widget elementor-widget-heading\" data-id=\"5223af0\" data-element_type=\"widget\" data-widget_type=\"heading.default\">\n\t\t\t\t\t<h1 class=\"elementor-heading-title elementor-size-default\">Hablemos de tecnolog\u00eda con confianza<\/h1>\t\t\t\t<\/div>\n\t\t\t\t<\/div>\n\t\t\t\t<\/div>\n\t\t<div class=\"elementor-element elementor-element-0b485e1 e-con-full e-flex e-con e-parent\" data-id=\"0b485e1\" data-element_type=\"container\">\n\t\t<div class=\"elementor-element elementor-element-0e9c04c e-con-full e-flex e-con e-child\" data-id=\"0e9c04c\" data-element_type=\"container\">\n\t\t<div class=\"elementor-element elementor-element-63ba9ee e-con-full e-flex e-con e-child\" data-id=\"63ba9ee\" data-element_type=\"container\">\n\t\t\t\t<div class=\"elementor-element elementor-element-f49072e elementor-widget elementor-widget-heading\" data-id=\"f49072e\" data-element_type=\"widget\" data-widget_type=\"heading.default\">\n\t\t\t\t\t<h2 class=\"elementor-heading-title elementor-size-default\">Nos encargamos de que todo funcione, de forma segura y eficiente<\/h2>\t\t\t\t<\/div>\n\t\t\t\t<div class=\"elementor-element elementor-element-3f8a815 elementor-widget__width-initial elementor-widget elementor-widget-text-editor\" data-id=\"3f8a815\" data-element_type=\"widget\" data-widget_type=\"text-editor.default\">\n\t\t\t\t\t\t\t\t\t<p>En Greyheads ofrecemos un trato cercano y un servicio personalizado, porque sabemos que cada entorno tecnol\u00f3gico es diferente.<\/p><p>Cu\u00e9ntanos qu\u00e9 necesitas y te ofreceremos una respuesta r\u00e1pida, clara y adaptada a tu proyecto.<\/p>\t\t\t\t\t\t\t\t<\/div>\n\t\t\t\t<\/div>\n\t\t\t\t<\/div>\n\t\t\t\t<\/div>\n\t\t<div class=\"elementor-element elementor-element-ba1cc56 e-con-full e-flex e-con e-parent\" data-id=\"ba1cc56\" data-element_type=\"container\" data-settings=\"{&quot;background_background&quot;:&quot;classic&quot;}\">\n\t\t<div class=\"elementor-element elementor-element-bb86661 e-con-full e-flex e-con e-child\" data-id=\"bb86661\" data-element_type=\"container\">\n\t\t<div class=\"elementor-element elementor-element-0420855 e-con-full e-flex e-con e-child\" data-id=\"0420855\" data-element_type=\"container\">\n\t\t\t\t<div class=\"elementor-element elementor-element-942c486 elementor-button-align-start elementor-widget elementor-widget-form\" data-id=\"942c486\" data-element_type=\"widget\" data-settings=\"{&quot;step_next_label&quot;:&quot;Siguiente&quot;,&quot;step_previous_label&quot;:&quot;Anterior&quot;,&quot;button_width&quot;:&quot;100&quot;,&quot;step_type&quot;:&quot;number_text&quot;,&quot;step_icon_shape&quot;:&quot;circle&quot;}\" data-widget_type=\"form.default\">\n\t\t\t\t\t\t\t<form class=\"elementor-form\" method=\"post\" name=\"Formulario Contacto\" aria-label=\"Formulario Contacto\">\n\t\t\t<input type=\"hidden\" name=\"post_id\" value=\"447\"\/>\n\t\t\t<input type=\"hidden\" name=\"form_id\" value=\"942c486\"\/>\n\t\t\t<input type=\"hidden\" name=\"referer_title\" value=\"Expertos en tecnolog\u00eda y soluciones IT para empresas\" \/>\n\n\t\t\t\t\t\t\t<input type=\"hidden\" name=\"queried_id\" value=\"447\"\/>\n\t\t\t\n\t\t\t<div class=\"elementor-form-fields-wrapper elementor-labels-\">\n\t\t\t\t\t\t\t\t<div class=\"elementor-field-type-text elementor-field-group elementor-column elementor-field-group-name elementor-col-50\">\n\t\t\t\t\t\t\t\t\t\t\t\t<label for=\"form-field-name\" class=\"elementor-field-label elementor-screen-only\">\n\t\t\t\t\t\t\t\tNombre\t\t\t\t\t\t\t<\/label>\n\t\t\t\t\t\t\t\t\t\t\t\t\t\t<input size=\"1\" type=\"text\" name=\"form_fields[name]\" id=\"form-field-name\" class=\"elementor-field elementor-size-sm  elementor-field-textual\" placeholder=\"Nombre\">\n\t\t\t\t\t\t\t\t\t\t\t<\/div>\n\t\t\t\t\t\t\t\t<div class=\"elementor-field-type-email elementor-field-group elementor-column elementor-field-group-email elementor-col-50 elementor-field-required\">\n\t\t\t\t\t\t\t\t\t\t\t\t<label for=\"form-field-email\" class=\"elementor-field-label elementor-screen-only\">\n\t\t\t\t\t\t\t\tCorreo electr\u00f3nico\t\t\t\t\t\t\t<\/label>\n\t\t\t\t\t\t\t\t\t\t\t\t\t\t<input size=\"1\" type=\"email\" name=\"form_fields[email]\" id=\"form-field-email\" class=\"elementor-field elementor-size-sm  elementor-field-textual\" placeholder=\"Correo electr\u00f3nico\" required=\"required\">\n\t\t\t\t\t\t\t\t\t\t\t<\/div>\n\t\t\t\t\t\t\t\t<div class=\"elementor-field-type-tel elementor-field-group elementor-column elementor-field-group-field_77a0c06 elementor-col-50 elementor-field-required\">\n\t\t\t\t\t\t\t\t\t\t\t\t<label for=\"form-field-field_77a0c06\" class=\"elementor-field-label elementor-screen-only\">\n\t\t\t\t\t\t\t\tTel\u00e9fono\t\t\t\t\t\t\t<\/label>\n\t\t\t\t\t\t\t\t<input size=\"1\" type=\"tel\" name=\"form_fields[field_77a0c06]\" id=\"form-field-field_77a0c06\" class=\"elementor-field elementor-size-sm  elementor-field-textual\" placeholder=\"Tel\u00e9fono\" required=\"required\" pattern=\"[0-9()#&amp;+*-=.]+\" title=\"Solo se aceptan n\u00fameros y caracteres de tel\u00e9fono (#,-,*,etc).\">\n\n\t\t\t\t\t\t<\/div>\n\t\t\t\t\t\t\t\t<div class=\"elementor-field-type-text elementor-field-group elementor-column elementor-field-group-field_2d710bd elementor-col-50\">\n\t\t\t\t\t\t\t\t\t\t\t\t<label for=\"form-field-field_2d710bd\" class=\"elementor-field-label elementor-screen-only\">\n\t\t\t\t\t\t\t\tEmpresa\t\t\t\t\t\t\t<\/label>\n\t\t\t\t\t\t\t\t\t\t\t\t\t\t<input size=\"1\" type=\"text\" name=\"form_fields[field_2d710bd]\" id=\"form-field-field_2d710bd\" class=\"elementor-field elementor-size-sm  elementor-field-textual\" placeholder=\"Empresa\">\n\t\t\t\t\t\t\t\t\t\t\t<\/div>\n\t\t\t\t\t\t\t\t<div class=\"elementor-field-type-textarea elementor-field-group elementor-column elementor-field-group-message elementor-col-100\">\n\t\t\t\t\t\t\t\t\t\t\t\t<label for=\"form-field-message\" class=\"elementor-field-label elementor-screen-only\">\n\t\t\t\t\t\t\t\tMensaje \t\t\t\t\t\t\t<\/label>\n\t\t\t\t\t\t<textarea class=\"elementor-field-textual elementor-field  elementor-size-sm\" name=\"form_fields[message]\" id=\"form-field-message\" rows=\"4\" placeholder=\"Mensaje \"><\/textarea>\t\t\t\t<\/div>\n\t\t\t\t\t\t\t\t<div class=\"elementor-field-type-acceptance elementor-field-group elementor-column elementor-field-group-field_4118ccb elementor-col-100\">\n\t\t\t\t\t\t\t\t\t\t\t\t<label for=\"form-field-field_4118ccb\" class=\"elementor-field-label elementor-screen-only\">\n\t\t\t\t\t\t\t\tPrivacidad\t\t\t\t\t\t\t<\/label>\n\t\t\t\t\t\t\t\t<div class=\"elementor-field-subgroup\">\n\t\t\t<span class=\"elementor-field-option\">\n\t\t\t\t<input type=\"checkbox\" name=\"form_fields[field_4118ccb]\" id=\"form-field-field_4118ccb\" class=\"elementor-field elementor-size-sm  elementor-acceptance-field\">\n\t\t\t\t<label for=\"form-field-field_4118ccb\"><font size=\"2\"> \nHe le\u00eddo y acepto la pol\u00edtica de privacidad\n<\/font><\/label>\t\t\t<\/span>\n\t\t<\/div>\n\t\t\t\t\t\t<\/div>\n\t\t\t\t\t\t\t\t<div class=\"elementor-field-type-acceptance elementor-field-group elementor-column elementor-field-group-field_d2e2030 elementor-col-100\">\n\t\t\t\t\t\t\t\t\t\t\t\t<label for=\"form-field-field_d2e2030\" class=\"elementor-field-label elementor-screen-only\">\n\t\t\t\t\t\t\t\tComunicaciones\t\t\t\t\t\t\t<\/label>\n\t\t\t\t\t\t\t\t<div class=\"elementor-field-subgroup\">\n\t\t\t<span class=\"elementor-field-option\">\n\t\t\t\t<input type=\"checkbox\" name=\"form_fields[field_d2e2030]\" id=\"form-field-field_d2e2030\" class=\"elementor-field elementor-size-sm  elementor-acceptance-field\">\n\t\t\t\t<label for=\"form-field-field_d2e2030\"><font size=\"2\"> \nAcepto recibir comunicaciones comerciales, promociones o novedades sobre nuestros productos y servicios v\u00eda correo electr\u00f3nico.\n<\/font><\/label>\t\t\t<\/span>\n\t\t<\/div>\n\t\t\t\t\t\t<\/div>\n\t\t\t\t\t\t\t\t<div class=\"elementor-field-type-recaptcha_v3 elementor-field-group elementor-column elementor-field-group-field_6c0f772 elementor-col-100 recaptcha_v3-bottomright\">\n\t\t\t\t\t<div class=\"elementor-field\" id=\"form-field-field_6c0f772\"><div class=\"elementor-g-recaptcha\" data-sitekey=\"6LczFcIrAAAAAEmAO7h3UXfXT2Mxu0mN0jsj6UaQ\" data-type=\"v3\" data-action=\"Form\" data-badge=\"bottomright\" data-size=\"invisible\"><\/div><\/div>\t\t\t\t<\/div>\n\t\t\t\t\t\t\t\t<div class=\"elementor-field-group elementor-column elementor-field-type-submit elementor-col-100 e-form__buttons\">\n\t\t\t\t\t<button class=\"elementor-button elementor-size-sm\" type=\"submit\">\n\t\t\t\t\t\t<span class=\"elementor-button-content-wrapper\">\n\t\t\t\t\t\t\t\t\t\t\t\t\t\t\t\t\t\t\t\t\t\t<span class=\"elementor-button-text\">Enviar<\/span>\n\t\t\t\t\t\t\t\t\t\t\t\t\t<\/span>\n\t\t\t\t\t<\/button>\n\t\t\t\t<\/div>\n\t\t\t<\/div>\n\t\t<\/form>\n\t\t\t\t\t\t<\/div>\n\t\t\t\t<\/div>\n\t\t<div class=\"elementor-element elementor-element-8edd793 e-con-full e-flex e-con e-child\" data-id=\"8edd793\" data-element_type=\"container\">\n\t\t\t\t<div class=\"elementor-element elementor-element-c172cca elementor-widget elementor-widget-text-editor\" data-id=\"c172cca\" data-element_type=\"widget\" data-widget_type=\"text-editor.default\">\n\t\t\t\t\t\t\t\t\t<p>Completa el formulario y nos pondremos en contacto contigo lo antes posible.<\/p>\t\t\t\t\t\t\t\t<\/div>\n\t\t\t\t<\/div>\n\t\t\t\t<\/div>\n\t\t\t\t<\/div>\n\t\t\t\t<\/div>\n\t\t","protected":false},"excerpt":{"rendered":"<p>Contacto Hablemos de tecnolog\u00eda con confianza Nos encargamos de que todo funcione, de forma segura y eficiente En Greyheads ofrecemos un trato cercano y un servicio personalizado, porque sabemos que cada entorno tecnol\u00f3gico es diferente. Cu\u00e9ntanos qu\u00e9 necesitas y te ofreceremos una respuesta r\u00e1pida, clara y adaptada a tu proyecto. Completa el formulario y nos [&hellip;]<\/p>\n","protected":false},"author":1,"featured_media":0,"parent":0,"menu_order":0,"comment_status":"closed","ping_status":"closed","template":"","meta":{"footnotes":""},"class_list":["post-447","page","type-page","status-publish","hentry"],"yoast_head":"<!-- This site is optimized with the Yoast SEO plugin v26.3 - https:\/\/yoast.com\/wordpress\/plugins\/seo\/ -->\n<title>Expertos en tecnolog\u00eda y soluciones IT para empresas<\/title>\n<meta name=\"description\" content=\"Te ofrecemos soporte IT, seguridad y soluciones tecnol\u00f3gicas adaptadas a tu entorno empresarial. Respuesta r\u00e1pida y trato cercano.\" \/>\n<meta name=\"robots\" content=\"index, follow, max-snippet:-1, max-image-preview:large, max-video-preview:-1\" \/>\n<link rel=\"canonical\" href=\"https:\/\/greyheads.cat\/es\/contacto\/\" \/>\n<meta property=\"og:locale\" content=\"es_ES\" \/>\n<meta property=\"og:type\" content=\"article\" \/>\n<meta property=\"og:title\" content=\"Expertos en tecnolog\u00eda y soluciones IT para empresas\" \/>\n<meta property=\"og:description\" content=\"Te ofrecemos soporte IT, seguridad y soluciones tecnol\u00f3gicas adaptadas a tu entorno empresarial. Respuesta r\u00e1pida y trato cercano.\" \/>\n<meta property=\"og:url\" content=\"https:\/\/greyheads.cat\/es\/contacto\/\" \/>\n<meta property=\"og:site_name\" content=\"Greyheads\" \/>\n<meta property=\"article:modified_time\" content=\"2025-11-18T07:49:26+00:00\" \/>\n<meta name=\"twitter:card\" content=\"summary_large_image\" \/>\n<script type=\"application\/ld+json\" class=\"yoast-schema-graph\">{\"@context\":\"https:\/\/schema.org\",\"@graph\":[{\"@type\":\"WebPage\",\"@id\":\"https:\/\/greyheads.cat\/es\/contacto\/\",\"url\":\"https:\/\/greyheads.cat\/es\/contacto\/\",\"name\":\"Expertos en tecnolog\u00eda y soluciones IT para empresas\",\"isPartOf\":{\"@id\":\"https:\/\/greyheads.cat\/es\/#website\"},\"datePublished\":\"2025-11-04T10:50:47+00:00\",\"dateModified\":\"2025-11-18T07:49:26+00:00\",\"description\":\"Te ofrecemos soporte IT, seguridad y soluciones tecnol\u00f3gicas adaptadas a tu entorno empresarial. Respuesta r\u00e1pida y trato cercano.\",\"breadcrumb\":{\"@id\":\"https:\/\/greyheads.cat\/es\/contacto\/#breadcrumb\"},\"inLanguage\":\"es\",\"potentialAction\":[{\"@type\":\"ReadAction\",\"target\":[\"https:\/\/greyheads.cat\/es\/contacto\/\"]}]},{\"@type\":\"BreadcrumbList\",\"@id\":\"https:\/\/greyheads.cat\/es\/contacto\/#breadcrumb\",\"itemListElement\":[{\"@type\":\"ListItem\",\"position\":1,\"name\":\"Inici\",\"item\":\"https:\/\/greyheads.cat\/es\/inicio\/\"},{\"@type\":\"ListItem\",\"position\":2,\"name\":\"Contacto\"}]},{\"@type\":\"WebSite\",\"@id\":\"https:\/\/greyheads.cat\/es\/#website\",\"url\":\"https:\/\/greyheads.cat\/es\/\",\"name\":\"Greyheads\",\"description\":\"Consultoria basada en la seguretat inform\u00e0tica.\",\"potentialAction\":[{\"@type\":\"SearchAction\",\"target\":{\"@type\":\"EntryPoint\",\"urlTemplate\":\"https:\/\/greyheads.cat\/es\/?s={search_term_string}\"},\"query-input\":{\"@type\":\"PropertyValueSpecification\",\"valueRequired\":true,\"valueName\":\"search_term_string\"}}],\"inLanguage\":\"es\"}]}<\/script>\n<!-- \/ Yoast SEO plugin. -->","yoast_head_json":{"title":"Expertos en tecnolog\u00eda y soluciones IT para empresas","description":"Te ofrecemos soporte IT, seguridad y soluciones tecnol\u00f3gicas adaptadas a tu entorno empresarial. Respuesta r\u00e1pida y trato cercano.","robots":{"index":"index","follow":"follow","max-snippet":"max-snippet:-1","max-image-preview":"max-image-preview:large","max-video-preview":"max-video-preview:-1"},"canonical":"https:\/\/greyheads.cat\/es\/contacto\/","og_locale":"es_ES","og_type":"article","og_title":"Expertos en tecnolog\u00eda y soluciones IT para empresas","og_description":"Te ofrecemos soporte IT, seguridad y soluciones tecnol\u00f3gicas adaptadas a tu entorno empresarial. Respuesta r\u00e1pida y trato cercano.","og_url":"https:\/\/greyheads.cat\/es\/contacto\/","og_site_name":"Greyheads","article_modified_time":"2025-11-18T07:49:26+00:00","twitter_card":"summary_large_image","schema":{"@context":"https:\/\/schema.org","@graph":[{"@type":"WebPage","@id":"https:\/\/greyheads.cat\/es\/contacto\/","url":"https:\/\/greyheads.cat\/es\/contacto\/","name":"Expertos en tecnolog\u00eda y soluciones IT para empresas","isPartOf":{"@id":"https:\/\/greyheads.cat\/es\/#website"},"datePublished":"2025-11-04T10:50:47+00:00","dateModified":"2025-11-18T07:49:26+00:00","description":"Te ofrecemos soporte IT, seguridad y soluciones tecnol\u00f3gicas adaptadas a tu entorno empresarial. Respuesta r\u00e1pida y trato cercano.","breadcrumb":{"@id":"https:\/\/greyheads.cat\/es\/contacto\/#breadcrumb"},"inLanguage":"es","potentialAction":[{"@type":"ReadAction","target":["https:\/\/greyheads.cat\/es\/contacto\/"]}]},{"@type":"BreadcrumbList","@id":"https:\/\/greyheads.cat\/es\/contacto\/#breadcrumb","itemListElement":[{"@type":"ListItem","position":1,"name":"Inici","item":"https:\/\/greyheads.cat\/es\/inicio\/"},{"@type":"ListItem","position":2,"name":"Contacto"}]},{"@type":"WebSite","@id":"https:\/\/greyheads.cat\/es\/#website","url":"https:\/\/greyheads.cat\/es\/","name":"Greyheads","description":"Consultoria basada en la seguretat inform\u00e0tica.","potentialAction":[{"@type":"SearchAction","target":{"@type":"EntryPoint","urlTemplate":"https:\/\/greyheads.cat\/es\/?s={search_term_string}"},"query-input":{"@type":"PropertyValueSpecification","valueRequired":true,"valueName":"search_term_string"}}],"inLanguage":"es"}]}},"_links":{"self":[{"href":"https:\/\/greyheads.cat\/es\/wp-json\/wp\/v2\/pages\/447","targetHints":{"allow":["GET"]}}],"collection":[{"href":"https:\/\/greyheads.cat\/es\/wp-json\/wp\/v2\/pages"}],"about":[{"href":"https:\/\/greyheads.cat\/es\/wp-json\/wp\/v2\/types\/page"}],"author":[{"embeddable":true,"href":"https:\/\/greyheads.cat\/es\/wp-json\/wp\/v2\/users\/1"}],"replies":[{"embeddable":true,"href":"https:\/\/greyheads.cat\/es\/wp-json\/wp\/v2\/comments?post=447"}],"version-history":[{"count":5,"href":"https:\/\/greyheads.cat\/es\/wp-json\/wp\/v2\/pages\/447\/revisions"}],"predecessor-version":[{"id":518,"href":"https:\/\/greyheads.cat\/es\/wp-json\/wp\/v2\/pages\/447\/revisions\/518"}],"wp:attachment":[{"href":"https:\/\/greyheads.cat\/es\/wp-json\/wp\/v2\/media?parent=447"}],"curies":[{"name":"wp","href":"https:\/\/api.w.org\/{rel}","templated":true}]}}