{"id":477,"date":"2025-11-04T11:49:56","date_gmt":"2025-11-04T10:49:56","guid":{"rendered":"https:\/\/greyheads.cat\/servicios\/"},"modified":"2025-11-07T09:48:29","modified_gmt":"2025-11-07T08:48:29","slug":"servicios","status":"publish","type":"page","link":"https:\/\/greyheads.cat\/es\/servicios\/","title":{"rendered":"Servicios"},"content":{"rendered":"\t\t<div data-elementor-type=\"wp-page\" data-elementor-id=\"477\" class=\"elementor elementor-477 elementor-132\" data-elementor-post-type=\"page\">\n\t\t\t\t<div class=\"elementor-element elementor-element-cd96f82 e-con-full e-flex e-con e-parent\" data-id=\"cd96f82\" data-element_type=\"container\" data-settings=\"{&quot;background_background&quot;:&quot;classic&quot;}\">\n\t\t<div class=\"elementor-element elementor-element-772fe95 e-con-full e-flex e-con e-child\" data-id=\"772fe95\" data-element_type=\"container\">\n\t\t\t\t<div class=\"elementor-element elementor-element-9eef605 elementor-widget elementor-widget-text-editor\" data-id=\"9eef605\" data-element_type=\"widget\" data-widget_type=\"text-editor.default\">\n\t\t\t\t\t\t\t\t\t<p>Servicios tecnol\u00f3gicos integrales<\/p>\t\t\t\t\t\t\t\t<\/div>\n\t\t\t\t<div class=\"elementor-element elementor-element-b5951c4 elementor-widget__width-initial elementor-widget elementor-widget-heading\" data-id=\"b5951c4\" data-element_type=\"widget\" data-widget_type=\"heading.default\">\n\t\t\t\t\t<h1 class=\"elementor-heading-title elementor-size-default\">Soluciones tecnol\u00f3gicas adaptadas a cada caso<\/h1>\t\t\t\t<\/div>\n\t\t\t\t<\/div>\n\t\t\t\t<\/div>\n\t\t<div class=\"elementor-element elementor-element-ab719d3 e-con-full e-flex e-con e-parent\" data-id=\"ab719d3\" data-element_type=\"container\">\n\t\t<div class=\"elementor-element elementor-element-8c3aebc e-con-full e-flex e-con e-child\" data-id=\"8c3aebc\" data-element_type=\"container\">\n\t\t<div class=\"elementor-element elementor-element-4c59df1 e-con-full e-flex e-con e-child\" data-id=\"4c59df1\" data-element_type=\"container\">\n\t\t\t\t<div class=\"elementor-element elementor-element-237fbc9 elementor-widget elementor-widget-image\" data-id=\"237fbc9\" data-element_type=\"widget\" data-widget_type=\"image.default\">\n\t\t\t\t\t\t\t\t\t\t\t\t\t\t\t<img fetchpriority=\"high\" decoding=\"async\" width=\"800\" height=\"800\" src=\"https:\/\/greyheads.cat\/wp-content\/uploads\/2025\/11\/ilustracion-holografica-almacenamiento-representacion-3d-1024x1024.webp\" class=\"attachment-large size-large wp-image-478\" alt=\"Nube 3d\" srcset=\"https:\/\/greyheads.cat\/wp-content\/uploads\/2025\/11\/ilustracion-holografica-almacenamiento-representacion-3d-1024x1024.webp 1024w, https:\/\/greyheads.cat\/wp-content\/uploads\/2025\/11\/ilustracion-holografica-almacenamiento-representacion-3d-300x300.webp 300w, https:\/\/greyheads.cat\/wp-content\/uploads\/2025\/11\/ilustracion-holografica-almacenamiento-representacion-3d-150x150.webp 150w, https:\/\/greyheads.cat\/wp-content\/uploads\/2025\/11\/ilustracion-holografica-almacenamiento-representacion-3d-768x768.webp 768w, https:\/\/greyheads.cat\/wp-content\/uploads\/2025\/11\/ilustracion-holografica-almacenamiento-representacion-3d-1536x1536.webp 1536w, https:\/\/greyheads.cat\/wp-content\/uploads\/2025\/11\/ilustracion-holografica-almacenamiento-representacion-3d.webp 2000w\" sizes=\"(max-width: 800px) 100vw, 800px\" \/>\t\t\t\t\t\t\t\t\t\t\t\t\t\t\t<\/div>\n\t\t\t\t<\/div>\n\t\t<div class=\"elementor-element elementor-element-a853c83 e-con-full e-flex e-con e-child\" data-id=\"a853c83\" data-element_type=\"container\">\n\t\t\t\t<div class=\"elementor-element elementor-element-a85519a elementor-widget elementor-widget-heading\" data-id=\"a85519a\" data-element_type=\"widget\" data-widget_type=\"heading.default\">\n\t\t\t\t\t<h2 class=\"elementor-heading-title elementor-size-default\">Infraestructuras, sistemas y cloud<\/h2>\t\t\t\t<\/div>\n\t\t\t\t<div class=\"elementor-element elementor-element-0533a49 elementor-widget__width-initial elementor-widget elementor-widget-text-editor\" data-id=\"0533a49\" data-element_type=\"widget\" data-widget_type=\"text-editor.default\">\n\t\t\t\t\t\t\t\t\t<p>Gesti\u00f3n integral de sistemas locales y en la nube (AWS, Azure, Google Cloud).<br>Dise\u00f1o, despliegue y mantenimiento de soluciones seguras y escalables.<\/p>\t\t\t\t\t\t\t\t<\/div>\n\t\t\t\t<div class=\"elementor-element elementor-element-6da1824 elementor-widget elementor-widget-button\" data-id=\"6da1824\" data-element_type=\"widget\" data-widget_type=\"button.default\">\n\t\t\t\t\t\t\t\t\t\t<a class=\"elementor-button elementor-button-link elementor-size-sm\" href=\"https:\/\/greyheads.cat\/es\/contacto\/\">\n\t\t\t\t\t\t<span class=\"elementor-button-content-wrapper\">\n\t\t\t\t\t\t\t\t\t<span class=\"elementor-button-text\">Solicita m\u00e1s informaci\u00f3n<\/span>\n\t\t\t\t\t<\/span>\n\t\t\t\t\t<\/a>\n\t\t\t\t\t\t\t\t<\/div>\n\t\t\t\t<\/div>\n\t\t\t\t<\/div>\n\t\t\t\t<\/div>\n\t\t<div class=\"elementor-element elementor-element-fa9a1df e-con-full e-flex e-con e-parent\" data-id=\"fa9a1df\" data-element_type=\"container\" data-settings=\"{&quot;background_background&quot;:&quot;classic&quot;}\">\n\t\t<div class=\"elementor-element elementor-element-549f897 e-con-full e-flex e-con e-child\" data-id=\"549f897\" data-element_type=\"container\">\n\t\t<div class=\"elementor-element elementor-element-5334dc8 e-con-full e-flex e-con e-child\" data-id=\"5334dc8\" data-element_type=\"container\">\n\t\t\t\t<div class=\"elementor-element elementor-element-83e222a elementor-widget elementor-widget-heading\" data-id=\"83e222a\" data-element_type=\"widget\" data-widget_type=\"heading.default\">\n\t\t\t\t\t<h2 class=\"elementor-heading-title elementor-size-default\">Copias de seguridad y recuperaci\u00f3n<\/h2>\t\t\t\t<\/div>\n\t\t\t\t<div class=\"elementor-element elementor-element-fe01e25 elementor-widget__width-initial elementor-widget elementor-widget-text-editor\" data-id=\"fe01e25\" data-element_type=\"widget\" data-widget_type=\"text-editor.default\">\n\t\t\t\t\t\t\t\t\t<p>Soluciones de backup seguras, encriptadas y redundantes para garantizar la continuidad de tu negocio y proteger tu informaci\u00f3n.<\/p>\t\t\t\t\t\t\t\t<\/div>\n\t\t\t\t<div class=\"elementor-element elementor-element-852a8ff elementor-widget elementor-widget-button\" data-id=\"852a8ff\" data-element_type=\"widget\" data-widget_type=\"button.default\">\n\t\t\t\t\t\t\t\t\t\t<a class=\"elementor-button elementor-button-link elementor-size-sm\" href=\"https:\/\/greyheads.cat\/es\/contacto\/\">\n\t\t\t\t\t\t<span class=\"elementor-button-content-wrapper\">\n\t\t\t\t\t\t\t\t\t<span class=\"elementor-button-text\">Contrata este servicio<\/span>\n\t\t\t\t\t<\/span>\n\t\t\t\t\t<\/a>\n\t\t\t\t\t\t\t\t<\/div>\n\t\t\t\t<\/div>\n\t\t<div class=\"elementor-element elementor-element-9363287 e-con-full e-flex e-con e-child\" data-id=\"9363287\" data-element_type=\"container\">\n\t\t\t\t<div class=\"elementor-element elementor-element-858be28 elementor-widget elementor-widget-image\" data-id=\"858be28\" data-element_type=\"widget\" data-widget_type=\"image.default\">\n\t\t\t\t\t\t\t\t\t\t\t\t\t\t\t<img decoding=\"async\" width=\"800\" height=\"800\" src=\"https:\/\/greyheads.cat\/wp-content\/uploads\/2025\/11\/circular-arrow-icon-blue-circle-with-white-curved-arrow-1024x1024.png\" class=\"attachment-large size-large wp-image-479\" alt=\"\" srcset=\"https:\/\/greyheads.cat\/wp-content\/uploads\/2025\/11\/circular-arrow-icon-blue-circle-with-white-curved-arrow-1024x1024.png 1024w, https:\/\/greyheads.cat\/wp-content\/uploads\/2025\/11\/circular-arrow-icon-blue-circle-with-white-curved-arrow-300x300.png 300w, https:\/\/greyheads.cat\/wp-content\/uploads\/2025\/11\/circular-arrow-icon-blue-circle-with-white-curved-arrow-150x150.png 150w, https:\/\/greyheads.cat\/wp-content\/uploads\/2025\/11\/circular-arrow-icon-blue-circle-with-white-curved-arrow-768x768.png 768w, https:\/\/greyheads.cat\/wp-content\/uploads\/2025\/11\/circular-arrow-icon-blue-circle-with-white-curved-arrow-1536x1536.png 1536w, https:\/\/greyheads.cat\/wp-content\/uploads\/2025\/11\/circular-arrow-icon-blue-circle-with-white-curved-arrow.png 2000w\" sizes=\"(max-width: 800px) 100vw, 800px\" \/>\t\t\t\t\t\t\t\t\t\t\t\t\t\t\t<\/div>\n\t\t\t\t<\/div>\n\t\t\t\t<\/div>\n\t\t\t\t<\/div>\n\t\t<div class=\"elementor-element elementor-element-f15dd1d e-con-full e-flex e-con e-parent\" data-id=\"f15dd1d\" data-element_type=\"container\">\n\t\t<div class=\"elementor-element elementor-element-2f296ab e-con-full e-flex e-con e-child\" data-id=\"2f296ab\" data-element_type=\"container\">\n\t\t<div class=\"elementor-element elementor-element-eefa5e6 e-con-full e-flex e-con e-child\" data-id=\"eefa5e6\" data-element_type=\"container\">\n\t\t\t\t<div class=\"elementor-element elementor-element-8339148 elementor-widget elementor-widget-image\" data-id=\"8339148\" data-element_type=\"widget\" data-widget_type=\"image.default\">\n\t\t\t\t\t\t\t\t\t\t\t\t\t\t\t<img decoding=\"async\" width=\"800\" height=\"800\" src=\"https:\/\/greyheads.cat\/wp-content\/uploads\/2025\/11\/996c1908-515a-4ba1-aa23-05bc08bc1cca-1024x1024.webp\" class=\"attachment-large size-large wp-image-480\" alt=\"\" srcset=\"https:\/\/greyheads.cat\/wp-content\/uploads\/2025\/11\/996c1908-515a-4ba1-aa23-05bc08bc1cca-1024x1024.webp 1024w, https:\/\/greyheads.cat\/wp-content\/uploads\/2025\/11\/996c1908-515a-4ba1-aa23-05bc08bc1cca-300x300.webp 300w, https:\/\/greyheads.cat\/wp-content\/uploads\/2025\/11\/996c1908-515a-4ba1-aa23-05bc08bc1cca-150x150.webp 150w, https:\/\/greyheads.cat\/wp-content\/uploads\/2025\/11\/996c1908-515a-4ba1-aa23-05bc08bc1cca-768x768.webp 768w, https:\/\/greyheads.cat\/wp-content\/uploads\/2025\/11\/996c1908-515a-4ba1-aa23-05bc08bc1cca-1536x1536.webp 1536w, https:\/\/greyheads.cat\/wp-content\/uploads\/2025\/11\/996c1908-515a-4ba1-aa23-05bc08bc1cca-2048x2048.webp 2048w\" sizes=\"(max-width: 800px) 100vw, 800px\" \/>\t\t\t\t\t\t\t\t\t\t\t\t\t\t\t<\/div>\n\t\t\t\t<\/div>\n\t\t<div class=\"elementor-element elementor-element-de5c5d6 e-con-full e-flex e-con e-child\" data-id=\"de5c5d6\" data-element_type=\"container\">\n\t\t\t\t<div class=\"elementor-element elementor-element-22c394f elementor-widget elementor-widget-heading\" data-id=\"22c394f\" data-element_type=\"widget\" data-widget_type=\"heading.default\">\n\t\t\t\t\t<h2 class=\"elementor-heading-title elementor-size-default\">Ciberseguridad y auditor\u00edas<\/h2>\t\t\t\t<\/div>\n\t\t\t\t<div class=\"elementor-element elementor-element-d2f0e05 elementor-widget__width-initial elementor-widget elementor-widget-text-editor\" data-id=\"d2f0e05\" data-element_type=\"widget\" data-widget_type=\"text-editor.default\">\n\t\t\t\t\t\t\t\t\t<p>Auditor\u00edas t\u00e9cnicas, pentests, hacking \u00e9tico y dise\u00f1o seguro de infraestructuras y medidas de protecci\u00f3n avanzadas.<\/p>\t\t\t\t\t\t\t\t<\/div>\n\t\t\t\t<div class=\"elementor-element elementor-element-6a2e573 elementor-widget elementor-widget-button\" data-id=\"6a2e573\" data-element_type=\"widget\" data-widget_type=\"button.default\">\n\t\t\t\t\t\t\t\t\t\t<a class=\"elementor-button elementor-button-link elementor-size-sm\" href=\"https:\/\/greyheads.cat\/es\/contacto\/\">\n\t\t\t\t\t\t<span class=\"elementor-button-content-wrapper\">\n\t\t\t\t\t\t\t\t\t<span class=\"elementor-button-text\">Solicita m\u00e1s informaci\u00f3n<\/span>\n\t\t\t\t\t<\/span>\n\t\t\t\t\t<\/a>\n\t\t\t\t\t\t\t\t<\/div>\n\t\t\t\t<\/div>\n\t\t\t\t<\/div>\n\t\t\t\t<\/div>\n\t\t<div class=\"elementor-element elementor-element-2e51df4 e-con-full e-flex e-con e-parent\" data-id=\"2e51df4\" data-element_type=\"container\" data-settings=\"{&quot;background_background&quot;:&quot;classic&quot;}\">\n\t\t<div class=\"elementor-element elementor-element-c483b67 e-con-full e-flex e-con e-child\" data-id=\"c483b67\" data-element_type=\"container\">\n\t\t<div class=\"elementor-element elementor-element-3a252ba e-con-full e-flex e-con e-child\" data-id=\"3a252ba\" data-element_type=\"container\">\n\t\t\t\t<div class=\"elementor-element elementor-element-758c791 elementor-widget elementor-widget-heading\" data-id=\"758c791\" data-element_type=\"widget\" data-widget_type=\"heading.default\">\n\t\t\t\t\t<h2 class=\"elementor-heading-title elementor-size-default\">Consultor\u00eda y transformaci\u00f3n digital<\/h2>\t\t\t\t<\/div>\n\t\t\t\t<div class=\"elementor-element elementor-element-8549099 elementor-widget__width-initial elementor-widget elementor-widget-text-editor\" data-id=\"8549099\" data-element_type=\"widget\" data-widget_type=\"text-editor.default\">\n\t\t\t\t\t\t\t\t\t<p>Acompa\u00f1amos a tu empresa en procesos de digitalizaci\u00f3n y mejora tecnol\u00f3gica. Implementaci\u00f3n de programas de facturaci\u00f3n y sistemas ERP adaptados. <\/p>\t\t\t\t\t\t\t\t<\/div>\n\t\t\t\t<div class=\"elementor-element elementor-element-bf537e9 elementor-widget elementor-widget-button\" data-id=\"bf537e9\" data-element_type=\"widget\" data-widget_type=\"button.default\">\n\t\t\t\t\t\t\t\t\t\t<a class=\"elementor-button elementor-button-link elementor-size-sm\" href=\"https:\/\/greyheads.cat\/es\/contacto\/\">\n\t\t\t\t\t\t<span class=\"elementor-button-content-wrapper\">\n\t\t\t\t\t\t\t\t\t<span class=\"elementor-button-text\">Contrata este servicio<\/span>\n\t\t\t\t\t<\/span>\n\t\t\t\t\t<\/a>\n\t\t\t\t\t\t\t\t<\/div>\n\t\t\t\t<\/div>\n\t\t<div class=\"elementor-element elementor-element-9c33054 e-con-full e-flex e-con e-child\" data-id=\"9c33054\" data-element_type=\"container\">\n\t\t\t\t<div class=\"elementor-element elementor-element-40e482c elementor-widget elementor-widget-image\" data-id=\"40e482c\" data-element_type=\"widget\" data-widget_type=\"image.default\">\n\t\t\t\t\t\t\t\t\t\t\t\t\t\t\t<img loading=\"lazy\" decoding=\"async\" width=\"800\" height=\"500\" src=\"https:\/\/greyheads.cat\/wp-content\/uploads\/2025\/11\/computadora-portatil-con-efecto-de-luz-de-neon-oscuro-renderizacion-3d-1024x640.webp\" class=\"attachment-large size-large wp-image-481\" alt=\"\" srcset=\"https:\/\/greyheads.cat\/wp-content\/uploads\/2025\/11\/computadora-portatil-con-efecto-de-luz-de-neon-oscuro-renderizacion-3d-1024x640.webp 1024w, https:\/\/greyheads.cat\/wp-content\/uploads\/2025\/11\/computadora-portatil-con-efecto-de-luz-de-neon-oscuro-renderizacion-3d-300x188.webp 300w, https:\/\/greyheads.cat\/wp-content\/uploads\/2025\/11\/computadora-portatil-con-efecto-de-luz-de-neon-oscuro-renderizacion-3d-768x480.webp 768w, https:\/\/greyheads.cat\/wp-content\/uploads\/2025\/11\/computadora-portatil-con-efecto-de-luz-de-neon-oscuro-renderizacion-3d-1536x960.webp 1536w\" sizes=\"(max-width: 800px) 100vw, 800px\" \/>\t\t\t\t\t\t\t\t\t\t\t\t\t\t\t<\/div>\n\t\t\t\t<\/div>\n\t\t\t\t<\/div>\n\t\t\t\t<\/div>\n\t\t\t\t<\/div>\n\t\t","protected":false},"excerpt":{"rendered":"<p>Servicios tecnol\u00f3gicos integrales Soluciones tecnol\u00f3gicas adaptadas a cada caso Infraestructuras, sistemas y cloud Gesti\u00f3n integral de sistemas locales y en la nube (AWS, Azure, Google Cloud).Dise\u00f1o, despliegue y mantenimiento de soluciones seguras y escalables. Solicita m\u00e1s informaci\u00f3n Copias de seguridad y recuperaci\u00f3n Soluciones de backup seguras, encriptadas y redundantes para garantizar la continuidad de tu [&hellip;]<\/p>\n","protected":false},"author":1,"featured_media":0,"parent":0,"menu_order":0,"comment_status":"closed","ping_status":"closed","template":"","meta":{"footnotes":""},"class_list":["post-477","page","type-page","status-publish","hentry"],"yoast_head":"<!-- This site is optimized with the Yoast SEO plugin v26.3 - https:\/\/yoast.com\/wordpress\/plugins\/seo\/ -->\n<title>Infraestructura, Cloud y Digitalizaci\u00f3n | Greyheads<\/title>\n<meta name=\"description\" content=\"Gestionamos y aseguramos la tecnolog\u00eda de tu empresa: sistemas IT, servicios cloud, copias de seguridad, ciberseguridad y consultor\u00eda.\" \/>\n<meta name=\"robots\" content=\"index, follow, max-snippet:-1, max-image-preview:large, max-video-preview:-1\" \/>\n<link rel=\"canonical\" href=\"https:\/\/greyheads.cat\/es\/servicios\/\" \/>\n<meta property=\"og:locale\" content=\"es_ES\" \/>\n<meta property=\"og:type\" content=\"article\" \/>\n<meta property=\"og:title\" content=\"Infraestructura, Cloud y Digitalizaci\u00f3n | Greyheads\" \/>\n<meta property=\"og:description\" content=\"Gestionamos y aseguramos la tecnolog\u00eda de tu empresa: sistemas IT, servicios cloud, copias de seguridad, ciberseguridad y consultor\u00eda.\" \/>\n<meta property=\"og:url\" content=\"https:\/\/greyheads.cat\/es\/servicios\/\" \/>\n<meta property=\"og:site_name\" content=\"Greyheads\" \/>\n<meta property=\"article:modified_time\" content=\"2025-11-07T08:48:29+00:00\" \/>\n<meta property=\"og:image\" content=\"https:\/\/greyheads.cat\/wp-content\/uploads\/2025\/11\/ilustracion-holografica-almacenamiento-representacion-3d.webp\" \/>\n\t<meta property=\"og:image:width\" content=\"2000\" \/>\n\t<meta property=\"og:image:height\" content=\"2000\" \/>\n\t<meta property=\"og:image:type\" content=\"image\/webp\" \/>\n<meta name=\"twitter:card\" content=\"summary_large_image\" \/>\n<meta name=\"twitter:label1\" content=\"Tiempo de lectura\" \/>\n\t<meta name=\"twitter:data1\" content=\"1 minuto\" \/>\n<script type=\"application\/ld+json\" class=\"yoast-schema-graph\">{\"@context\":\"https:\/\/schema.org\",\"@graph\":[{\"@type\":\"WebPage\",\"@id\":\"https:\/\/greyheads.cat\/es\/servicios\/\",\"url\":\"https:\/\/greyheads.cat\/es\/servicios\/\",\"name\":\"Infraestructura, Cloud y Digitalizaci\u00f3n | Greyheads\",\"isPartOf\":{\"@id\":\"https:\/\/greyheads.cat\/es\/#website\"},\"primaryImageOfPage\":{\"@id\":\"https:\/\/greyheads.cat\/es\/servicios\/#primaryimage\"},\"image\":{\"@id\":\"https:\/\/greyheads.cat\/es\/servicios\/#primaryimage\"},\"thumbnailUrl\":\"https:\/\/greyheads.cat\/wp-content\/uploads\/2025\/11\/ilustracion-holografica-almacenamiento-representacion-3d-1024x1024.webp\",\"datePublished\":\"2025-11-04T10:49:56+00:00\",\"dateModified\":\"2025-11-07T08:48:29+00:00\",\"description\":\"Gestionamos y aseguramos la tecnolog\u00eda de tu empresa: sistemas IT, servicios cloud, copias de seguridad, ciberseguridad y consultor\u00eda.\",\"breadcrumb\":{\"@id\":\"https:\/\/greyheads.cat\/es\/servicios\/#breadcrumb\"},\"inLanguage\":\"es\",\"potentialAction\":[{\"@type\":\"ReadAction\",\"target\":[\"https:\/\/greyheads.cat\/es\/servicios\/\"]}]},{\"@type\":\"ImageObject\",\"inLanguage\":\"es\",\"@id\":\"https:\/\/greyheads.cat\/es\/servicios\/#primaryimage\",\"url\":\"https:\/\/greyheads.cat\/wp-content\/uploads\/2025\/11\/ilustracion-holografica-almacenamiento-representacion-3d-1024x1024.webp\",\"contentUrl\":\"https:\/\/greyheads.cat\/wp-content\/uploads\/2025\/11\/ilustracion-holografica-almacenamiento-representacion-3d-1024x1024.webp\"},{\"@type\":\"BreadcrumbList\",\"@id\":\"https:\/\/greyheads.cat\/es\/servicios\/#breadcrumb\",\"itemListElement\":[{\"@type\":\"ListItem\",\"position\":1,\"name\":\"Inici\",\"item\":\"https:\/\/greyheads.cat\/es\/inicio\/\"},{\"@type\":\"ListItem\",\"position\":2,\"name\":\"Servicios\"}]},{\"@type\":\"WebSite\",\"@id\":\"https:\/\/greyheads.cat\/es\/#website\",\"url\":\"https:\/\/greyheads.cat\/es\/\",\"name\":\"Greyheads\",\"description\":\"Consultoria basada en la seguretat inform\u00e0tica.\",\"potentialAction\":[{\"@type\":\"SearchAction\",\"target\":{\"@type\":\"EntryPoint\",\"urlTemplate\":\"https:\/\/greyheads.cat\/es\/?s={search_term_string}\"},\"query-input\":{\"@type\":\"PropertyValueSpecification\",\"valueRequired\":true,\"valueName\":\"search_term_string\"}}],\"inLanguage\":\"es\"}]}<\/script>\n<!-- \/ Yoast SEO plugin. -->","yoast_head_json":{"title":"Infraestructura, Cloud y Digitalizaci\u00f3n | Greyheads","description":"Gestionamos y aseguramos la tecnolog\u00eda de tu empresa: sistemas IT, servicios cloud, copias de seguridad, ciberseguridad y consultor\u00eda.","robots":{"index":"index","follow":"follow","max-snippet":"max-snippet:-1","max-image-preview":"max-image-preview:large","max-video-preview":"max-video-preview:-1"},"canonical":"https:\/\/greyheads.cat\/es\/servicios\/","og_locale":"es_ES","og_type":"article","og_title":"Infraestructura, Cloud y Digitalizaci\u00f3n | Greyheads","og_description":"Gestionamos y aseguramos la tecnolog\u00eda de tu empresa: sistemas IT, servicios cloud, copias de seguridad, ciberseguridad y consultor\u00eda.","og_url":"https:\/\/greyheads.cat\/es\/servicios\/","og_site_name":"Greyheads","article_modified_time":"2025-11-07T08:48:29+00:00","og_image":[{"width":2000,"height":2000,"url":"https:\/\/greyheads.cat\/wp-content\/uploads\/2025\/11\/ilustracion-holografica-almacenamiento-representacion-3d.webp","type":"image\/webp"}],"twitter_card":"summary_large_image","twitter_misc":{"Tiempo de lectura":"1 minuto"},"schema":{"@context":"https:\/\/schema.org","@graph":[{"@type":"WebPage","@id":"https:\/\/greyheads.cat\/es\/servicios\/","url":"https:\/\/greyheads.cat\/es\/servicios\/","name":"Infraestructura, Cloud y Digitalizaci\u00f3n | Greyheads","isPartOf":{"@id":"https:\/\/greyheads.cat\/es\/#website"},"primaryImageOfPage":{"@id":"https:\/\/greyheads.cat\/es\/servicios\/#primaryimage"},"image":{"@id":"https:\/\/greyheads.cat\/es\/servicios\/#primaryimage"},"thumbnailUrl":"https:\/\/greyheads.cat\/wp-content\/uploads\/2025\/11\/ilustracion-holografica-almacenamiento-representacion-3d-1024x1024.webp","datePublished":"2025-11-04T10:49:56+00:00","dateModified":"2025-11-07T08:48:29+00:00","description":"Gestionamos y aseguramos la tecnolog\u00eda de tu empresa: sistemas IT, servicios cloud, copias de seguridad, ciberseguridad y consultor\u00eda.","breadcrumb":{"@id":"https:\/\/greyheads.cat\/es\/servicios\/#breadcrumb"},"inLanguage":"es","potentialAction":[{"@type":"ReadAction","target":["https:\/\/greyheads.cat\/es\/servicios\/"]}]},{"@type":"ImageObject","inLanguage":"es","@id":"https:\/\/greyheads.cat\/es\/servicios\/#primaryimage","url":"https:\/\/greyheads.cat\/wp-content\/uploads\/2025\/11\/ilustracion-holografica-almacenamiento-representacion-3d-1024x1024.webp","contentUrl":"https:\/\/greyheads.cat\/wp-content\/uploads\/2025\/11\/ilustracion-holografica-almacenamiento-representacion-3d-1024x1024.webp"},{"@type":"BreadcrumbList","@id":"https:\/\/greyheads.cat\/es\/servicios\/#breadcrumb","itemListElement":[{"@type":"ListItem","position":1,"name":"Inici","item":"https:\/\/greyheads.cat\/es\/inicio\/"},{"@type":"ListItem","position":2,"name":"Servicios"}]},{"@type":"WebSite","@id":"https:\/\/greyheads.cat\/es\/#website","url":"https:\/\/greyheads.cat\/es\/","name":"Greyheads","description":"Consultoria basada en la seguretat inform\u00e0tica.","potentialAction":[{"@type":"SearchAction","target":{"@type":"EntryPoint","urlTemplate":"https:\/\/greyheads.cat\/es\/?s={search_term_string}"},"query-input":{"@type":"PropertyValueSpecification","valueRequired":true,"valueName":"search_term_string"}}],"inLanguage":"es"}]}},"_links":{"self":[{"href":"https:\/\/greyheads.cat\/es\/wp-json\/wp\/v2\/pages\/477","targetHints":{"allow":["GET"]}}],"collection":[{"href":"https:\/\/greyheads.cat\/es\/wp-json\/wp\/v2\/pages"}],"about":[{"href":"https:\/\/greyheads.cat\/es\/wp-json\/wp\/v2\/types\/page"}],"author":[{"embeddable":true,"href":"https:\/\/greyheads.cat\/es\/wp-json\/wp\/v2\/users\/1"}],"replies":[{"embeddable":true,"href":"https:\/\/greyheads.cat\/es\/wp-json\/wp\/v2\/comments?post=477"}],"version-history":[{"count":4,"href":"https:\/\/greyheads.cat\/es\/wp-json\/wp\/v2\/pages\/477\/revisions"}],"predecessor-version":[{"id":502,"href":"https:\/\/greyheads.cat\/es\/wp-json\/wp\/v2\/pages\/477\/revisions\/502"}],"wp:attachment":[{"href":"https:\/\/greyheads.cat\/es\/wp-json\/wp\/v2\/media?parent=477"}],"curies":[{"name":"wp","href":"https:\/\/api.w.org\/{rel}","templated":true}]}}