{"id":491,"date":"2025-11-05T12:33:15","date_gmt":"2025-11-05T11:33:15","guid":{"rendered":"https:\/\/greyheads.cat\/politica-de-cookies\/"},"modified":"2025-11-07T09:47:13","modified_gmt":"2025-11-07T08:47:13","slug":"politica-de-cookies","status":"publish","type":"page","link":"https:\/\/greyheads.cat\/es\/politica-de-cookies\/","title":{"rendered":"Pol\u00edtica de Cookies"},"content":{"rendered":"\t\t<div data-elementor-type=\"wp-page\" data-elementor-id=\"491\" class=\"elementor elementor-491 elementor-426\" data-elementor-post-type=\"page\">\n\t\t\t\t<div class=\"elementor-element elementor-element-703213d e-con-full e-flex e-con e-parent\" data-id=\"703213d\" data-element_type=\"container\" data-settings=\"{&quot;background_background&quot;:&quot;classic&quot;}\">\n\t\t<div class=\"elementor-element elementor-element-0bbfc27 e-con-full e-flex e-con e-child\" data-id=\"0bbfc27\" data-element_type=\"container\">\n\t\t\t\t<div class=\"elementor-element elementor-element-88c111e elementor-widget elementor-widget-text-editor\" data-id=\"88c111e\" data-element_type=\"widget\" data-widget_type=\"text-editor.default\">\n\t\t\t\t\t\t\t\t\t<p>Legal<\/p>\t\t\t\t\t\t\t\t<\/div>\n\t\t\t\t<div class=\"elementor-element elementor-element-14709b2 elementor-widget__width-initial elementor-widget elementor-widget-heading\" data-id=\"14709b2\" data-element_type=\"widget\" data-widget_type=\"heading.default\">\n\t\t\t\t\t<h1 class=\"elementor-heading-title elementor-size-default\">Pol\u00edtica de Cookies<\/h1>\t\t\t\t<\/div>\n\t\t\t\t<\/div>\n\t\t\t\t<\/div>\n\t\t<div class=\"elementor-element elementor-element-a756c99 e-con-full e-flex e-con e-parent\" data-id=\"a756c99\" data-element_type=\"container\">\n\t\t<div class=\"elementor-element elementor-element-cac7fe3 e-con-full e-flex e-con e-child\" data-id=\"cac7fe3\" data-element_type=\"container\">\n\t\t<div class=\"elementor-element elementor-element-3530ceb e-con-full e-flex e-con e-child\" data-id=\"3530ceb\" data-element_type=\"container\">\n\t\t\t\t<div class=\"elementor-element elementor-element-48fee36 elementor-widget elementor-widget-heading\" data-id=\"48fee36\" data-element_type=\"widget\" data-widget_type=\"heading.default\">\n\t\t\t\t\t<h2 class=\"elementor-heading-title elementor-size-default\">Sobre esta pol\u00edtica de cookies<\/h2>\t\t\t\t<\/div>\n\t\t\t\t<div class=\"elementor-element elementor-element-6c25262 elementor-widget elementor-widget-text-editor\" data-id=\"6c25262\" data-element_type=\"widget\" data-widget_type=\"text-editor.default\">\n\t\t\t\t\t\t\t\t\t<p class=\"p1\"> Esta Pol\u00edtica de cookies explica qu\u00e9 son las cookies y c\u00f3mo las utilizamos, los tipos de cookies que utilizamos, es decir, la informaci\u00f3n que recopilamos mediante las cookies y c\u00f3mo se utiliza esta informaci\u00f3n y c\u00f3mo controlar las preferencias de las cookies. Para obtener m\u00e1s informaci\u00f3n sobre c\u00f3mo utilizamos, almacenamos y mantenemos sus datos personales seguros, consulte nuestra Pol\u00edtica de privacidad.<\/p><p class=\"p1\">En cualquier momento puede cambiar o retirar su consentimiento de la Declaraci\u00f3n de cookies de nuestro sitio web<\/p><p class=\"p1\">Obtenga m\u00e1s informaci\u00f3n sobre qui\u00e9nes somos, c\u00f3mo puede contactar con nosotros y c\u00f3mo procesamos los datos personales en nuestra Pol\u00edtica de privacidad.<\/p><p class=\"p1\">Su consentimiento se aplica a los siguientes dominios: <a href=\"https:\/\/greyheads.cat\/es\/\"><span class=\"s1\">greyheads.cat<\/span><\/a><\/p>\t\t\t\t\t\t\t\t<\/div>\n\t\t\t\t<\/div>\n\t\t\t\t<\/div>\n\t\t\t\t<\/div>\n\t\t<div class=\"elementor-element elementor-element-d536dd2 e-con-full e-flex e-con e-parent\" data-id=\"d536dd2\" data-element_type=\"container\">\n\t\t<div class=\"elementor-element elementor-element-c2361d7 e-con-full e-flex e-con e-child\" data-id=\"c2361d7\" data-element_type=\"container\">\n\t\t<div class=\"elementor-element elementor-element-61fe58e e-con-full e-flex e-con e-child\" data-id=\"61fe58e\" data-element_type=\"container\">\n\t\t\t\t<div class=\"elementor-element elementor-element-43cf5dc elementor-widget elementor-widget-heading\" data-id=\"43cf5dc\" data-element_type=\"widget\" data-widget_type=\"heading.default\">\n\t\t\t\t\t<h3 class=\"elementor-heading-title elementor-size-default\">\u00bfQu\u00e9 son las cookies?<\/h3>\t\t\t\t<\/div>\n\t\t\t\t<div class=\"elementor-element elementor-element-0f9aec5 elementor-widget elementor-widget-text-editor\" data-id=\"0f9aec5\" data-element_type=\"widget\" data-widget_type=\"text-editor.default\">\n\t\t\t\t\t\t\t\t\t<p class=\"p1\">Las cookies son peque\u00f1os archivos de texto que se utilizan para almacenar peque\u00f1as piezas de informaci\u00f3n. Se almacenan en su dispositivo cuando el sitio web se carga en su navegador. Estas cookies nos ayudan a hacer que el sitio web funcione correctamente, a hacerlo m\u00e1s seguro, a ofrecer una mejor experiencia de usuario y a entender c\u00f3mo funciona el sitio web y a analizar qu\u00e9 funciona y d\u00f3nde hay que mejorar.<\/p>\t\t\t\t\t\t\t\t<\/div>\n\t\t\t\t<\/div>\n\t\t<div class=\"elementor-element elementor-element-e9085d3 e-con-full e-flex e-con e-child\" data-id=\"e9085d3\" data-element_type=\"container\">\n\t\t\t\t<div class=\"elementor-element elementor-element-9721889 elementor-widget elementor-widget-heading\" data-id=\"9721889\" data-element_type=\"widget\" data-widget_type=\"heading.default\">\n\t\t\t\t\t<h3 class=\"elementor-heading-title elementor-size-default\">\u00bfC\u00f3mo utilizamos las cookies?<\/h3>\t\t\t\t<\/div>\n\t\t\t\t<div class=\"elementor-element elementor-element-6bb2f22 elementor-widget elementor-widget-text-editor\" data-id=\"6bb2f22\" data-element_type=\"widget\" data-widget_type=\"text-editor.default\">\n\t\t\t\t\t\t\t\t\t<p class=\"p1\">Como la mayor\u00eda de los servicios en l\u00ednea, nuestro sitio web utiliza cookies propias y de terceros para diversos prop\u00f3sitos. Las cookies propias son b\u00e1sicamente necesarias para que el sitio web funcione correctamente y no recogen ninguno de sus datos de identificaci\u00f3n personal.<\/p><p class=\"p1\">Las cookies de terceros que se utilizan en nuestro sitio web son principalmente para entender c\u00f3mo funciona el sitio web, c\u00f3mo interact\u00faa usted con nuestro sitio web, mantener nuestros servicios seguros, proporcionarle anuncios que le sean relevantes y, en conjunto, ofrecerle una experiencia mejorada y ayudar a acelerar sus futuras interacciones con nuestro sitio web.<\/p>\t\t\t\t\t\t\t\t<\/div>\n\t\t\t\t<\/div>\n\t\t<div class=\"elementor-element elementor-element-d411799 e-con-full e-flex e-con e-child\" data-id=\"d411799\" data-element_type=\"container\">\n\t\t\t\t<div class=\"elementor-element elementor-element-eaa56d8 elementor-widget elementor-widget-heading\" data-id=\"eaa56d8\" data-element_type=\"widget\" data-widget_type=\"heading.default\">\n\t\t\t\t\t<h3 class=\"elementor-heading-title elementor-size-default\">\u00bfQu\u00e9 tipos de cookies utilizamos?<\/h3>\t\t\t\t<\/div>\n\t\t\t\t<div class=\"elementor-element elementor-element-544866d elementor-widget elementor-widget-text-editor\" data-id=\"544866d\" data-element_type=\"widget\" data-widget_type=\"text-editor.default\">\n\t\t\t\t\t\t\t\t\t<p class=\"p1\"><b>Esenciales<\/b>: algunas cookies son esenciales para que pueda disfrutar de la funcionalidad completa de nuestro sitio. Nos permiten mantener las sesiones de los usuarios y prevenir cualquier amenaza de seguridad. No recogen ni almacenan ninguna informaci\u00f3n personal. Por ejemplo, estas cookies le permiten iniciar sesi\u00f3n en su cuenta y a\u00f1adir productos a su cesta y realizar la compra de manera segura.<\/p><p class=\"p1\"><b>Estad\u00edsticas<\/b>: estas cookies almacenan informaci\u00f3n como el n\u00famero de visitantes al sitio web, el n\u00famero de visitantes \u00fanicos, qu\u00e9 p\u00e1ginas del sitio web se han visitado, el origen de la visita, etc. Estos datos nos ayudan a entender y analizar el rendimiento del sitio web y d\u00f3nde hay que mejorar.<\/p><p class=\"p1\"><b>Funcionales<\/b>: son las cookies que ayudan a determinadas funcionalidades no esenciales de nuestro sitio web. Estas funcionalidades incluyen incrustar contenido como v\u00eddeos o compartir contenido del sitio web en plataformas de redes sociales.<\/p><p class=\"p1\"><b>Preferencias<\/b>: estas cookies nos ayudan a almacenar su configuraci\u00f3n y preferencias de navegaci\u00f3n, como las preferencias de idioma, para que tenga una experiencia mejor y m\u00e1s eficiente en futuras visitas al sitio web.<\/p>\t\t\t\t\t\t\t\t<\/div>\n\t\t\t\t<\/div>\n\t\t\t\t<\/div>\n\t\t\t\t<\/div>\n\t\t\t\t<\/div>\n\t\t","protected":false},"excerpt":{"rendered":"<p>Legal Pol\u00edtica de Cookies Sobre esta pol\u00edtica de cookies Esta Pol\u00edtica de cookies explica qu\u00e9 son las cookies y c\u00f3mo las utilizamos, los tipos de cookies que utilizamos, es decir, la informaci\u00f3n que recopilamos mediante las cookies y c\u00f3mo se utiliza esta informaci\u00f3n y c\u00f3mo controlar las preferencias de las cookies. Para obtener m\u00e1s informaci\u00f3n [&hellip;]<\/p>\n","protected":false},"author":1,"featured_media":0,"parent":0,"menu_order":0,"comment_status":"closed","ping_status":"closed","template":"","meta":{"footnotes":""},"class_list":["post-491","page","type-page","status-publish","hentry"],"yoast_head":"<!-- This site is optimized with the Yoast SEO plugin v26.3 - https:\/\/yoast.com\/wordpress\/plugins\/seo\/ -->\n<title>Pol\u00edtica de Cookies - Greyheads<\/title>\n<meta name=\"description\" content=\"Pol\u00edtica de cookies Greyheads: consulta c\u00f3mo utilizamos las cookies para mejorar tu experiencia de navegaci\u00f3n en nuestra p\u00e1gina web\" \/>\n<meta name=\"robots\" content=\"index, follow, max-snippet:-1, max-image-preview:large, max-video-preview:-1\" \/>\n<link rel=\"canonical\" href=\"https:\/\/greyheads.cat\/es\/politica-de-cookies\/\" \/>\n<meta property=\"og:locale\" content=\"es_ES\" \/>\n<meta property=\"og:type\" content=\"article\" \/>\n<meta property=\"og:title\" content=\"Pol\u00edtica de Cookies - Greyheads\" \/>\n<meta property=\"og:description\" content=\"Pol\u00edtica de cookies Greyheads: consulta c\u00f3mo utilizamos las cookies para mejorar tu experiencia de navegaci\u00f3n en nuestra p\u00e1gina web\" \/>\n<meta property=\"og:url\" content=\"https:\/\/greyheads.cat\/es\/politica-de-cookies\/\" \/>\n<meta property=\"og:site_name\" content=\"Greyheads\" \/>\n<meta property=\"article:modified_time\" content=\"2025-11-07T08:47:13+00:00\" \/>\n<meta name=\"twitter:card\" content=\"summary_large_image\" \/>\n<meta name=\"twitter:label1\" content=\"Tiempo de lectura\" \/>\n\t<meta name=\"twitter:data1\" content=\"3 minutos\" \/>\n<script type=\"application\/ld+json\" class=\"yoast-schema-graph\">{\"@context\":\"https:\/\/schema.org\",\"@graph\":[{\"@type\":\"WebPage\",\"@id\":\"https:\/\/greyheads.cat\/es\/politica-de-cookies\/\",\"url\":\"https:\/\/greyheads.cat\/es\/politica-de-cookies\/\",\"name\":\"Pol\u00edtica de Cookies - Greyheads\",\"isPartOf\":{\"@id\":\"https:\/\/greyheads.cat\/es\/#website\"},\"datePublished\":\"2025-11-05T11:33:15+00:00\",\"dateModified\":\"2025-11-07T08:47:13+00:00\",\"description\":\"Pol\u00edtica de cookies Greyheads: consulta c\u00f3mo utilizamos las cookies para mejorar tu experiencia de navegaci\u00f3n en nuestra p\u00e1gina web\",\"breadcrumb\":{\"@id\":\"https:\/\/greyheads.cat\/es\/politica-de-cookies\/#breadcrumb\"},\"inLanguage\":\"es\",\"potentialAction\":[{\"@type\":\"ReadAction\",\"target\":[\"https:\/\/greyheads.cat\/es\/politica-de-cookies\/\"]}]},{\"@type\":\"BreadcrumbList\",\"@id\":\"https:\/\/greyheads.cat\/es\/politica-de-cookies\/#breadcrumb\",\"itemListElement\":[{\"@type\":\"ListItem\",\"position\":1,\"name\":\"Inici\",\"item\":\"https:\/\/greyheads.cat\/es\/inicio\/\"},{\"@type\":\"ListItem\",\"position\":2,\"name\":\"Pol\u00edtica de Cookies\"}]},{\"@type\":\"WebSite\",\"@id\":\"https:\/\/greyheads.cat\/es\/#website\",\"url\":\"https:\/\/greyheads.cat\/es\/\",\"name\":\"Greyheads\",\"description\":\"Consultoria basada en la seguretat inform\u00e0tica.\",\"potentialAction\":[{\"@type\":\"SearchAction\",\"target\":{\"@type\":\"EntryPoint\",\"urlTemplate\":\"https:\/\/greyheads.cat\/es\/?s={search_term_string}\"},\"query-input\":{\"@type\":\"PropertyValueSpecification\",\"valueRequired\":true,\"valueName\":\"search_term_string\"}}],\"inLanguage\":\"es\"}]}<\/script>\n<!-- \/ Yoast SEO plugin. -->","yoast_head_json":{"title":"Pol\u00edtica de Cookies - Greyheads","description":"Pol\u00edtica de cookies Greyheads: consulta c\u00f3mo utilizamos las cookies para mejorar tu experiencia de navegaci\u00f3n en nuestra p\u00e1gina web","robots":{"index":"index","follow":"follow","max-snippet":"max-snippet:-1","max-image-preview":"max-image-preview:large","max-video-preview":"max-video-preview:-1"},"canonical":"https:\/\/greyheads.cat\/es\/politica-de-cookies\/","og_locale":"es_ES","og_type":"article","og_title":"Pol\u00edtica de Cookies - Greyheads","og_description":"Pol\u00edtica de cookies Greyheads: consulta c\u00f3mo utilizamos las cookies para mejorar tu experiencia de navegaci\u00f3n en nuestra p\u00e1gina web","og_url":"https:\/\/greyheads.cat\/es\/politica-de-cookies\/","og_site_name":"Greyheads","article_modified_time":"2025-11-07T08:47:13+00:00","twitter_card":"summary_large_image","twitter_misc":{"Tiempo de lectura":"3 minutos"},"schema":{"@context":"https:\/\/schema.org","@graph":[{"@type":"WebPage","@id":"https:\/\/greyheads.cat\/es\/politica-de-cookies\/","url":"https:\/\/greyheads.cat\/es\/politica-de-cookies\/","name":"Pol\u00edtica de Cookies - Greyheads","isPartOf":{"@id":"https:\/\/greyheads.cat\/es\/#website"},"datePublished":"2025-11-05T11:33:15+00:00","dateModified":"2025-11-07T08:47:13+00:00","description":"Pol\u00edtica de cookies Greyheads: consulta c\u00f3mo utilizamos las cookies para mejorar tu experiencia de navegaci\u00f3n en nuestra p\u00e1gina web","breadcrumb":{"@id":"https:\/\/greyheads.cat\/es\/politica-de-cookies\/#breadcrumb"},"inLanguage":"es","potentialAction":[{"@type":"ReadAction","target":["https:\/\/greyheads.cat\/es\/politica-de-cookies\/"]}]},{"@type":"BreadcrumbList","@id":"https:\/\/greyheads.cat\/es\/politica-de-cookies\/#breadcrumb","itemListElement":[{"@type":"ListItem","position":1,"name":"Inici","item":"https:\/\/greyheads.cat\/es\/inicio\/"},{"@type":"ListItem","position":2,"name":"Pol\u00edtica de Cookies"}]},{"@type":"WebSite","@id":"https:\/\/greyheads.cat\/es\/#website","url":"https:\/\/greyheads.cat\/es\/","name":"Greyheads","description":"Consultoria basada en la seguretat inform\u00e0tica.","potentialAction":[{"@type":"SearchAction","target":{"@type":"EntryPoint","urlTemplate":"https:\/\/greyheads.cat\/es\/?s={search_term_string}"},"query-input":{"@type":"PropertyValueSpecification","valueRequired":true,"valueName":"search_term_string"}}],"inLanguage":"es"}]}},"_links":{"self":[{"href":"https:\/\/greyheads.cat\/es\/wp-json\/wp\/v2\/pages\/491","targetHints":{"allow":["GET"]}}],"collection":[{"href":"https:\/\/greyheads.cat\/es\/wp-json\/wp\/v2\/pages"}],"about":[{"href":"https:\/\/greyheads.cat\/es\/wp-json\/wp\/v2\/types\/page"}],"author":[{"embeddable":true,"href":"https:\/\/greyheads.cat\/es\/wp-json\/wp\/v2\/users\/1"}],"replies":[{"embeddable":true,"href":"https:\/\/greyheads.cat\/es\/wp-json\/wp\/v2\/comments?post=491"}],"version-history":[{"count":2,"href":"https:\/\/greyheads.cat\/es\/wp-json\/wp\/v2\/pages\/491\/revisions"}],"predecessor-version":[{"id":493,"href":"https:\/\/greyheads.cat\/es\/wp-json\/wp\/v2\/pages\/491\/revisions\/493"}],"wp:attachment":[{"href":"https:\/\/greyheads.cat\/es\/wp-json\/wp\/v2\/media?parent=491"}],"curies":[{"name":"wp","href":"https:\/\/api.w.org\/{rel}","templated":true}]}}